{"id":43,"date":"2025-05-22T15:09:15","date_gmt":"2025-05-22T15:09:15","guid":{"rendered":"https:\/\/ibebeta.com\/?page_id=43"},"modified":"2025-11-25T04:58:47","modified_gmt":"2025-11-25T04:58:47","slug":"applicant-tools","status":"publish","type":"page","link":"https:\/\/ibescholarships.org\/es\/applicants\/applicant-tools\/","title":{"rendered":"Herramientas Para Solicitantes Y Preguntas Frecuentes"},"content":{"rendered":"<p>[et_pb_section fb_built=&#8221;1&#8243; _builder_version=&#8221;4.27.4&#8243; _module_preset=&#8221;default&#8221; custom_margin=&#8221;0px||0px||false|false&#8221; custom_padding=&#8221;0px||0px||false|false&#8221; global_colors_info=&#8221;{}&#8221;][et_pb_row _builder_version=&#8221;4.27.4&#8243; _module_preset=&#8221;default&#8221; custom_margin=&#8221;0px||0px||false|false&#8221; custom_padding=&#8221;0px||0px||false|false&#8221; global_colors_info=&#8221;{}&#8221;][et_pb_column type=&#8221;4_4&#8243; _builder_version=&#8221;4.27.4&#8243; _module_preset=&#8221;default&#8221; global_colors_info=&#8221;{}&#8221;][revslider_divi revslider_divi=&#8221;%91rev_slider alias=%22applicants-tools%22 slidertitle=%22applicants-tools%22%93%91\/rev_slider%93&#8243; _builder_version=&#8221;4.27.4&#8243; _module_preset=&#8221;default&#8221; global_colors_info=&#8221;{}&#8221;][\/revslider_divi][\/et_pb_column][\/et_pb_row][\/et_pb_section][et_pb_section fb_built=&#8221;1&#8243; _builder_version=&#8221;4.27.4&#8243; _module_preset=&#8221;default&#8221; global_colors_info=&#8221;{}&#8221;][et_pb_row _builder_version=&#8221;4.27.4&#8243; _module_preset=&#8221;default&#8221; global_colors_info=&#8221;{}&#8221;][et_pb_column type=&#8221;4_4&#8243; _builder_version=&#8221;4.27.4&#8243; _module_preset=&#8221;default&#8221; global_colors_info=&#8221;{}&#8221;][et_pb_text _builder_version=&#8221;4.27.4&#8243; _module_preset=&#8221;default&#8221; hover_enabled=&#8221;0&#8243; global_colors_info=&#8221;{}&#8221; sticky_enabled=&#8221;0&#8243;]<\/p>\n<h1><span>Herramientas de aplicaci\u00f3n<\/span><\/h1>\n<p>[\/et_pb_text][\/et_pb_column][\/et_pb_row][et_pb_row _builder_version=&#8221;4.27.4&#8243; _module_preset=&#8221;default&#8221; global_colors_info=&#8221;{}&#8221;][et_pb_column type=&#8221;4_4&#8243; _builder_version=&#8221;4.27.4&#8243; _module_preset=&#8221;default&#8221; global_colors_info=&#8221;{}&#8221;][et_pb_text _builder_version=&#8221;4.27.4&#8243; _module_preset=&#8221;default&#8221; hover_enabled=&#8221;0&#8243; global_colors_info=&#8221;{}&#8221; sticky_enabled=&#8221;0&#8243;]<\/p>\n<h3><b>Herramientas para Solicitantes<\/b><\/h3>\n<ul>\n<li><a href=\"https:\/\/ibescholarships.org\/wp-content\/uploads\/sites\/2\/2025\/08\/2025-26-Fillable-Application.pdf\">2025-26 Solicitud de Beca<\/a><\/li>\n<\/ul>\n<p>&nbsp;<\/p>\n<h3><b>Formularios Suplementarios de Solicitud<\/b><\/h3>\n<ul>\n<li><a href=\"https:\/\/ibescholarships.org\/wp-content\/uploads\/sites\/2\/2025\/08\/Fillable-Attendance-Verification.pdf\"> Verificaci\u00f3n de Asistencia a Escuela P\u00fablica<\/a><\/li>\n<li><a href=\"https:\/\/ibescholarships.org\/wp-content\/uploads\/sites\/2\/2025\/08\/Fillable-Transfer-Verification.pdf\"> Verificaci\u00f3n de Transferencia<\/a><\/li>\n<li><a href=\"https:\/\/ibescholarships.org\/wp-content\/uploads\/sites\/2\/2025\/08\/Fillable-Previous-Award-Verification.pdf\">Verificaci\u00f3n de Premio Anteriore<\/a><\/li>\n<\/ul>\n<p>&nbsp;<\/p>\n<h3><b>Formularios<\/b><\/h3>\n<ul>\n<li><a href=\"https:\/\/ibescholarships.org\/wp-content\/uploads\/sites\/2\/2025\/08\/Examples-of-tax-credits.pdf\">Ejemplos de Cr\u00e9ditos Fiscales<\/a><\/li>\n<li><a href=\"https:\/\/ibescholarships.org\/wp-content\/uploads\/sites\/2\/2025\/08\/Program-Eligiblity-sheet.pdf\">Hoja de Elegibilidad para Becas<\/a><\/li>\n<\/ul>\n<p>&nbsp;<\/p>\n<p style=\"text-align: center;\"><span style=\"font-weight: 400;\">Por favor descargue Adobe Acrobat DC para poder usar todas las funciones rellenables de nuestros documentos PDF.<\/span><\/p>\n<p>[\/et_pb_text][\/et_pb_column][\/et_pb_row][et_pb_row _builder_version=&#8221;4.27.4&#8243; _module_preset=&#8221;default&#8221; global_colors_info=&#8221;{}&#8221;][et_pb_column type=&#8221;4_4&#8243; _builder_version=&#8221;4.27.4&#8243; _module_preset=&#8221;default&#8221; global_colors_info=&#8221;{}&#8221;][et_pb_button button_url=&#8221;https:\/\/app.ibescholarships.org\/Account\/Login&#8221; button_text=&#8221;APLICAR AHORA&#8221; button_alignment=&#8221;center&#8221; _builder_version=&#8221;4.27.4&#8243; _module_preset=&#8221;default&#8221; hover_enabled=&#8221;0&#8243; global_colors_info=&#8221;{}&#8221; sticky_enabled=&#8221;0&#8243;][\/et_pb_button][\/et_pb_column][\/et_pb_row][\/et_pb_section][et_pb_section fb_built=&#8221;1&#8243; prev_background_color=&#8221;#ffffff&#8221; _builder_version=&#8221;4.27.4&#8243; _module_preset=&#8221;default&#8221; background_color=&#8221;gcid-8292fe19-9652-4b5d-b175-a4fbc3c003b4&#8243; top_divider_style=&#8221;wave&#8221; global_colors_info=&#8221;{%22gcid-8292fe19-9652-4b5d-b175-a4fbc3c003b4%22:%91%22background_color%22%93}&#8221;][et_pb_row _builder_version=&#8221;4.27.4&#8243; _module_preset=&#8221;default&#8221; global_colors_info=&#8221;{}&#8221;][et_pb_column type=&#8221;4_4&#8243; _builder_version=&#8221;4.27.4&#8243; _module_preset=&#8221;default&#8221; global_colors_info=&#8221;{}&#8221;][et_pb_text _builder_version=&#8221;4.27.4&#8243; _module_preset=&#8221;default&#8221; hover_enabled=&#8221;0&#8243; global_colors_info=&#8221;{}&#8221; sticky_enabled=&#8221;0&#8243;]<\/p>\n<h1>Preguntas Frecuentes del Solicitante<\/h1>\n<p>[\/et_pb_text][\/et_pb_column][\/et_pb_row][et_pb_row _builder_version=&#8221;4.27.4&#8243; _module_preset=&#8221;default&#8221; global_colors_info=&#8221;{}&#8221;][et_pb_column type=&#8221;4_4&#8243; _builder_version=&#8221;4.27.4&#8243; _module_preset=&#8221;default&#8221; global_colors_info=&#8221;{}&#8221;][et_pb_accordion _builder_version=&#8221;4.27.4&#8243; _module_preset=&#8221;default&#8221; toggle_level=&#8221;h6&#8243; hover_enabled=&#8221;0&#8243; border_radii=&#8221;on|15px|15px|15px|15px&#8221; box_shadow_style=&#8221;preset1&#8243; global_colors_info=&#8221;{}&#8221; sticky_enabled=&#8221;0&#8243;][et_pb_accordion_item title=&#8221;\u00bfEn qu\u00e9 grado\/edad debe estar mi estudiante para recibir una beca?&#8221; open=&#8221;on&#8221; _builder_version=&#8221;4.27.4&#8243; _module_preset=&#8221;default&#8221; hover_enabled=&#8221;0&#8243; global_colors_info=&#8221;{}&#8221; sticky_enabled=&#8221;0&#8243;]<\/p>\n<p><span style=\"font-weight: 400;\">IBE puede otorgar becas a estudiantes de K-12 grado y a preescolares con discapacidad que tengan al menos 3 a\u00f1os de edad con un IEP o MET de una escuela p\u00fablica de Arizona. Los estudiantes de K\u00ednder deben tener 5 a\u00f1os cumplidos antes del 31 de diciembre para poder recibir becas.<\/span><\/p>\n<p>[\/et_pb_accordion_item][et_pb_accordion_item title=&#8221;\u00bfC\u00f3mo recibo una beca?&#8221; _builder_version=&#8221;4.27.4&#8243; _module_preset=&#8221;default&#8221; hover_enabled=&#8221;0&#8243; global_colors_info=&#8221;{}&#8221; open=&#8221;off&#8221; sticky_enabled=&#8221;0&#8243;]<\/p>\n<p><span style=\"font-weight: 400;\">Para ser considerado, todas las familias deben primero registrarse en nuestro sitio web para acceder a nuestro portal de solicitantes. Despu\u00e9s de registrarse, podr\u00e1 completar la solicitud anual a trav\u00e9s del portal.<\/span><\/p>\n<p>[\/et_pb_accordion_item][et_pb_accordion_item title=&#8221;\u00bfQu\u00e9 tipos de becas est\u00e1n disponibles?&#8221; _builder_version=&#8221;4.27.4&#8243; _module_preset=&#8221;default&#8221; hover_enabled=&#8221;0&#8243; global_colors_info=&#8221;{}&#8221; open=&#8221;off&#8221; sticky_enabled=&#8221;0&#8243;]<\/p>\n<p><b>Original Individual<\/b><\/p>\n<ul>\n<li style=\"font-weight: 400;\" aria-level=\"1\"><span style=\"font-weight: 400;\">Premios de Ayuda Financiera<\/span><span style=\"font-weight: 400;\">\n<p><\/span><\/li>\n<li style=\"font-weight: 400;\" aria-level=\"1\"><span style=\"font-weight: 400;\">Premios de Fondos Recomendados<\/span><span style=\"font-weight: 400;\">\n<p><\/span><\/li>\n<\/ul>\n<p><b>PLUS\/De Cambio (PLUS\/Switcher)<\/b><\/p>\n<ul>\n<li style=\"font-weight: 400;\" aria-level=\"1\"><span style=\"font-weight: 400;\">Premios de Ayuda Financiera<\/span><span style=\"font-weight: 400;\">\n<p><\/span><\/li>\n<li style=\"font-weight: 400;\" aria-level=\"1\"><span style=\"font-weight: 400;\">Premios de Fondos Recomendados<\/span><span style=\"font-weight: 400;\">\n<p><\/span><\/li>\n<\/ul>\n<p><b>Corporativa de Bajos Ingresos (Low-Income Corporate)\u00a0<\/b><\/p>\n<p><b>Corporativa para Discapacitados\/Desplazados (Disabled\/Displaced Corporate)<\/b><\/p>\n<p>[\/et_pb_accordion_item][et_pb_accordion_item title=&#8221;\u00bfCon qu\u00e9 frecuencia debo completar una solicitud?&#8221; _builder_version=&#8221;4.27.4&#8243; _module_preset=&#8221;default&#8221; hover_enabled=&#8221;0&#8243; global_colors_info=&#8221;{}&#8221; open=&#8221;off&#8221; sticky_enabled=&#8221;0&#8243;]<\/p>\n<p><span style=\"font-weight: 400;\">Una vez por cada a\u00f1o escolar.<\/span><\/p>\n<p>[\/et_pb_accordion_item][et_pb_accordion_item title=&#8221;\u00bfCu\u00e1ndo vencen las solicitudes?&#8221; _builder_version=&#8221;4.27.4&#8243; _module_preset=&#8221;default&#8221; hover_enabled=&#8221;0&#8243; global_colors_info=&#8221;{}&#8221; open=&#8221;off&#8221; sticky_enabled=&#8221;0&#8243;]<\/p>\n<p><span style=\"font-weight: 400;\">Las solicitudes normalmente se publican el 1 de febrero para el siguiente a\u00f1o escolar. Se pueden completar en cualquier momento durante el ciclo escolar. Sin embargo, su hijo no ser\u00e1 considerado para ayuda financiera ni se podr\u00e1n liberar Fondos Recomendados hasta que la solicitud est\u00e9 completa. El portal de becas abre del 1 de julio al 31 de mayo para evaluar la ayuda y otorgar Fondos Recomendados.<\/span><\/p>\n<p>[\/et_pb_accordion_item][et_pb_accordion_item title=&#8221;\u00bfHay alg\u00fan costo por solicitar?&#8221; _builder_version=&#8221;4.27.4&#8243; _module_preset=&#8221;default&#8221; hover_enabled=&#8221;0&#8243; global_colors_info=&#8221;{}&#8221; open=&#8221;off&#8221; sticky_enabled=&#8221;0&#8243;]<\/p>\n<p>No<\/p>\n<p>[\/et_pb_accordion_item][et_pb_accordion_item title=&#8221;\u00bfIBE requiere documentaci\u00f3n de respaldo con mi solicitud?&#8221; _builder_version=&#8221;4.27.4&#8243; _module_preset=&#8221;default&#8221; hover_enabled=&#8221;0&#8243; global_colors_info=&#8221;{}&#8221; open=&#8221;off&#8221; sticky_enabled=&#8221;0&#8243;]<\/p>\n<p><span style=\"font-weight: 400;\">Algunas solicitudes requieren documentaci\u00f3n de respaldo financiera y de elegibilidad. Todos los requisitos de documentaci\u00f3n estar\u00e1n listados dentro de la solicitud.<\/span><\/p>\n<p>[\/et_pb_accordion_item][et_pb_accordion_item title=&#8221;\u00bfQu\u00e9 me califica para ayuda financiera?&#8221; _builder_version=&#8221;4.27.4&#8243; _module_preset=&#8221;default&#8221; hover_enabled=&#8221;0&#8243; global_colors_info=&#8221;{}&#8221; open=&#8221;off&#8221; sticky_enabled=&#8221;0&#8243;]<\/p>\n<p><span style=\"font-weight: 400;\">No hay criterios fijos para calificar a una familia. Sin embargo, al revisar solicitudes, nuestro comit\u00e9 de becas considera lo siguiente:<\/span><\/p>\n<ul>\n<li style=\"font-weight: 400;\" aria-level=\"1\"><span style=\"font-weight: 400;\">Ingresos de la familia<\/span><span style=\"font-weight: 400;\">\n<p><\/span><\/li>\n<li style=\"font-weight: 400;\" aria-level=\"1\"><span style=\"font-weight: 400;\">Costo de la matr\u00edcula en la escuela privada a la que asiste<\/span><span style=\"font-weight: 400;\">\n<p><\/span><\/li>\n<li style=\"font-weight: 400;\" aria-level=\"1\"><span style=\"font-weight: 400;\">N\u00famero de hijos asistiendo a escuela privada<\/span><span style=\"font-weight: 400;\">\n<p><\/span><\/li>\n<\/ul>\n<p><span style=\"font-weight: 400;\">Carta de circunstancias atenuantes\/dificultades<\/span><span style=\"font-weight: 400;\"><br \/><\/span><\/p>\n<p>[\/et_pb_accordion_item][et_pb_accordion_item title=&#8221;\u00bfExisten becas adem\u00e1s de las de ayuda financiera?&#8221; _builder_version=&#8221;4.27.4&#8243; _module_preset=&#8221;default&#8221; hover_enabled=&#8221;0&#8243; global_colors_info=&#8221;{}&#8221; open=&#8221;off&#8221; sticky_enabled=&#8221;0&#8243;]<\/p>\n<p><span style=\"font-weight: 400;\">S\u00ed. IBE tiene un programa de \u201cFondos Recomendados\u201d donde las familias solicitantes pueden invitar a amigos, familiares y cualquier contribuyente de Arizona a dirigir su obligaci\u00f3n fiscal estatal y recomendar a un estudiante como beneficiario de su donaci\u00f3n.<\/span><\/p>\n<p>&nbsp;<\/p>\n<p>[\/et_pb_accordion_item][et_pb_accordion_item title=&#8221;Si un amigo o familiar dona, \u00bfcu\u00e1nto de la donaci\u00f3n puede recibir mi hijo(a)?&#8221; _builder_version=&#8221;4.27.4&#8243; _module_preset=&#8221;default&#8221; hover_enabled=&#8221;0&#8243; global_colors_info=&#8221;{}&#8221; open=&#8221;off&#8221; sticky_enabled=&#8221;0&#8243;]<\/p>\n<p><span style=\"font-weight: 400;\">IBE otorga el 92% de todas las donaciones en forma de becas.<\/span><\/p>\n<p>[\/et_pb_accordion_item][et_pb_accordion_item title=&#8221;\u00bfPuedo donar para mi propio hijo(a)?&#8221; _builder_version=&#8221;4.27.4&#8243; _module_preset=&#8221;default&#8221; hover_enabled=&#8221;0&#8243; global_colors_info=&#8221;{}&#8221; open=&#8221;off&#8221; sticky_enabled=&#8221;0&#8243;]<\/p>\n<p><span style=\"font-weight: 400;\">No. Los donantes no pueden recomendar a su propio dependiente como beneficiario, incluso si no reclaman el cr\u00e9dito fiscal por hijos.<\/span><\/p>\n<p>[\/et_pb_accordion_item][et_pb_accordion_item title=&#8221;\u00bfC\u00f3mo contabiliza IBE el 8% retenido?&#8221; _builder_version=&#8221;4.27.4&#8243; _module_preset=&#8221;default&#8221; hover_enabled=&#8221;0&#8243; global_colors_info=&#8221;{}&#8221; open=&#8221;off&#8221; sticky_enabled=&#8221;0&#8243;]<\/p>\n<p><span style=\"font-weight: 400;\">IBE debe cubrir gastos operativos y administrativos como comisiones de tarjeta de cr\u00e9dito, mercadotecnia, servicios y salarios con ese 8%.<\/span><\/p>\n<p>[\/et_pb_accordion_item][et_pb_accordion_item title=&#8221;\u00bfHay alg\u00fan l\u00edmite en la cantidad de becas que puedo recibir?&#8221; _builder_version=&#8221;4.27.4&#8243; _module_preset=&#8221;default&#8221; hover_enabled=&#8221;0&#8243; global_colors_info=&#8221;{}&#8221; open=&#8221;off&#8221; sticky_enabled=&#8221;0&#8243;]<\/p>\n<p><span style=\"font-weight: 400;\">S\u00ed. Las becas combinadas no pueden exceder el costo anual de la colegiatura. Si se reciben Fondos Recomendados adicionales, se otorgar\u00e1n como becas multi-anuales y podr\u00e1n usarse el siguiente ciclo escolar.<\/span><\/p>\n<p>[\/et_pb_accordion_item][et_pb_accordion_item title=&#8221;\u00bfQu\u00e9 sucede si mi hijo(a) deja la escuela privada?&#8221; _builder_version=&#8221;4.27.4&#8243; _module_preset=&#8221;default&#8221; hover_enabled=&#8221;0&#8243; global_colors_info=&#8221;{}&#8221; open=&#8221;off&#8221; sticky_enabled=&#8221;0&#8243;]<\/p>\n<p><span style=\"font-weight: 400;\">La escuela debe reembolsar a IBE una parte proporcional de los fondos. Estos fondos luego se utilizan para becar a otro ni\u00f1o necesitado. Por favor llame a nuestra oficina para informarnos si decide retirar a su hijo(a) de la escuela privada. Al retirarse de la escuela privada, la elegibilidad de su hijo(a) para PLUS\/De Cambio y Corporativa de Bajos Ingresos se pierde.<\/span><\/p>\n<p>[\/et_pb_accordion_item][et_pb_accordion_item title=&#8221;\u00bfQu\u00e9 sucede si mi hijo(a) cambia a otra escuela privada?&#8221; _builder_version=&#8221;4.27.4&#8243; _module_preset=&#8221;default&#8221; hover_enabled=&#8221;0&#8243; global_colors_info=&#8221;{}&#8221; open=&#8221;off&#8221; sticky_enabled=&#8221;0&#8243;]<\/p>\n<p><span style=\"font-weight: 400;\">Cualquier Fondo Recomendado puede seguir al estudiante a la nueva escuela; sin embargo, las becas de ayuda financiera permanecer\u00e1n en la escuela original. Por favor llame a nuestra oficina para informarnos si decide cambiar de escuela.<\/span><\/p>\n<p>[\/et_pb_accordion_item][et_pb_accordion_item title=&#8221;\u00bfSe otorgan becas multi-anuales?&#8221; _builder_version=&#8221;4.27.4&#8243; _module_preset=&#8221;default&#8221; hover_enabled=&#8221;0&#8243; global_colors_info=&#8221;{}&#8221; open=&#8221;off&#8221; sticky_enabled=&#8221;0&#8243;]<\/p>\n<p><span style=\"font-weight: 400;\">S\u00ed. Si logra recaudar m\u00e1s Fondos Recomendados de los necesarios para el ciclo actual, se otorgar\u00e1n como becas multi-anuales y permanecer\u00e1n con el estudiante para el siguiente ciclo. Las becas de ayuda financiera se otorgan cada a\u00f1o escolar. Si su hijo no necesita la cantidad total otorgada, el excedente de ayuda financiera ser\u00e1 devuelto a IBE para reasignarse a otro estudiante necesitado.<\/span><\/p>\n<p>[\/et_pb_accordion_item][et_pb_accordion_item title=&#8221;\u00bfCon qu\u00e9 frecuencia se desembolsan las becas?&#8221; _builder_version=&#8221;4.27.4&#8243; _module_preset=&#8221;default&#8221; hover_enabled=&#8221;0&#8243; global_colors_info=&#8221;{}&#8221; open=&#8221;off&#8221; sticky_enabled=&#8221;0&#8243;]<\/p>\n<p><span style=\"font-weight: 400;\">Los Fondos Recomendados disponibles para familias con solicitudes completas se ofrecen a la escuela entre el d\u00eda 1 y el 15 de cada mes, excepto en junio.<\/span><\/p>\n<p>[\/et_pb_accordion_item][et_pb_accordion_item title=&#8221;\u00bfPara qu\u00e9 se pueden usar las becas de IBE?&#8221; _builder_version=&#8221;4.27.4&#8243; _module_preset=&#8221;default&#8221; hover_enabled=&#8221;0&#8243; global_colors_info=&#8221;{}&#8221; open=&#8221;off&#8221; sticky_enabled=&#8221;0&#8243;]<\/p>\n<p><span style=\"font-weight: 400;\">Las becas de IBE solo pueden cubrir costos de matr\u00edcula.<\/span><\/p>\n<p>[\/et_pb_accordion_item][et_pb_accordion_item title=&#8221;\u00bfPuede IBE pagar colegiaturas de un ciclo anterior?&#8221; _builder_version=&#8221;4.27.4&#8243; _module_preset=&#8221;default&#8221; hover_enabled=&#8221;0&#8243; global_colors_info=&#8221;{}&#8221; open=&#8221;off&#8221; sticky_enabled=&#8221;0&#8243;]<\/p>\n<p><span style=\"font-weight: 400;\">No. Seg\u00fan la ley del estado de Arizona, IBE no puede pagar colegiaturas de un ciclo escolar anterior.<\/span><\/p>\n<p>[\/et_pb_accordion_item][et_pb_accordion_item title=&#8221;\u00bfPuedo recibir fondos de ESA y IBE al mismo tiempo?&#8221; _builder_version=&#8221;4.27.4&#8243; _module_preset=&#8221;default&#8221; hover_enabled=&#8221;0&#8243; global_colors_info=&#8221;{}&#8221; open=&#8221;off&#8221; sticky_enabled=&#8221;0&#8243;]<\/p>\n<p><span style=\"font-weight: 400;\"><strong>No puede recibir financiamiento de ambos programas al mismo tiempo.<\/strong> Si es elegible para becas de cr\u00e9dito fiscal (grados K-12 en una escuela privada de Arizona con solicitud de IBE completa en archivo), puede solicitar donaciones de Fondos Recomendados durante el tiempo que est\u00e9 en ESA.<\/span><\/p>\n<p><span style=\"font-weight: 400;\"><br \/><\/span><span style=\"font-weight: 400;\"> IBE otorgar\u00e1 becas multi-anuales de Fondos Recomendados que podr\u00e1n pagarse a la escuela privada una vez que se reciba la cancelaci\u00f3n del contrato ESA y la verificaci\u00f3n de transferencia de IBE. Esto le permite recaudar fondos para futuros costos m\u00e1s altos, como secundaria, mientras a\u00fan cursa la primaria.<\/span><\/p>\n<p>[\/et_pb_accordion_item][et_pb_accordion_item title=&#8221;\u00bfEst\u00e1 IBE auditado?&#8221; _builder_version=&#8221;4.27.4&#8243; _module_preset=&#8221;default&#8221; hover_enabled=&#8221;0&#8243; global_colors_info=&#8221;{}&#8221; open=&#8221;off&#8221; sticky_enabled=&#8221;0&#8243;]<\/p>\n<p><span style=\"font-weight: 400;\">S\u00ed. La ley requiere que IBE complete una auditor\u00eda independiente anual, y la Junta Directiva de IBE ha exigido esta auditor\u00eda desde antes de que fuera un requisito legal. La transparencia es fundamental para IBE.<\/span><\/p>\n<p>[\/et_pb_accordion_item][et_pb_accordion_item title=&#8221;\u00bfCu\u00e1les son las becas otorgadas en el a\u00f1o fiscal 2024-2025 por demograf\u00eda?&#8221; _builder_version=&#8221;4.27.4&#8243; _module_preset=&#8221;default&#8221; hover_enabled=&#8221;0&#8243; global_colors_info=&#8221;{}&#8221; open=&#8221;off&#8221; sticky_enabled=&#8221;0&#8243;]<\/p>\n<p><span style=\"font-weight: 400;\">185% de las pautas del programa federal de almuerzos reducidos.<\/span><\/p>\n<div class=\"table_component\" role=\"region\" tabindex=\"0\">\n<table>\n<thead>\n<tr>\n<th><\/th>\n<th>Original Scholarships<\/th>\n<th>Plus Scholarships<\/th>\n<th>Corporate Scholarships<\/th>\n<th>Disabled\/Displaced Scholarships<\/th>\n<\/tr>\n<\/thead>\n<tbody>\n<tr>\n<td>Dollars Awarded<\/td>\n<td style=\"text-align: center;\">$1,441,449.94<\/td>\n<td style=\"text-align: center;\">$1,077,396.54<\/td>\n<td style=\"text-align: center;\">$900,801.90<\/td>\n<td style=\"text-align: center;\">$46,775.38<\/td>\n<\/tr>\n<tr>\n<td>Percentage Awarded<\/td>\n<td style=\"text-align: center;\">15%<\/td>\n<td style=\"text-align: center;\">16%<\/td>\n<td style=\"text-align: center;\">48%<\/td>\n<td style=\"text-align: center;\">24%<\/td>\n<\/tr>\n<\/tbody>\n<\/table>\n<\/div>\n<p>186%-342% of federal reduced lunch program guidelines<\/p>\n<div class=\"table_component\" role=\"region\" tabindex=\"0\">\n<table>\n<thead>\n<tr>\n<th><\/th>\n<th>Original Scholarships<\/th>\n<th>Plus Scholarships<\/th>\n<th>Corporate Scholarships<\/th>\n<th>Disabled\/Displaced Scholarships<\/th>\n<\/tr>\n<\/thead>\n<tbody>\n<tr>\n<td>Dollars Awarded<\/td>\n<td style=\"text-align: center;\">$1,987,688.24<\/td>\n<td style=\"text-align: center;\">$1,358,666.52<\/td>\n<td style=\"text-align: center;\">$987,651.16<\/td>\n<td style=\"text-align: center;\">$81,692.54<\/td>\n<\/tr>\n<tr>\n<td>Percentage Awarded<\/td>\n<td style=\"text-align: center;\">21%<\/td>\n<td style=\"text-align: center;\">20%<\/td>\n<td style=\"text-align: center;\">52%<\/td>\n<td style=\"text-align: center;\">41%<\/td>\n<\/tr>\n<\/tbody>\n<\/table>\n<\/div>\n<p>[\/et_pb_accordion_item][\/et_pb_accordion][\/et_pb_column][\/et_pb_row][\/et_pb_section]<\/p>\n","protected":false},"excerpt":{"rendered":"<p><div class=\"et_pb_module revslider_divi revslider_divi_0\">\n\t\t\t\t\n\t\t\t\t\n\t\t\t\t\n\t\t\t\t\n\t\t\t\t\n\t\t\t\t\n\t\t\t\t<div class=\"et_pb_module_inner\">\n\t\t\t\t\t\n\t\t\t\t<p class=\"rs-p-wp-fix\"><\/p>\n\t\t\t\t<sr7-module data-alias=\"applicants-tools\" data-id=\"8\" id=\"SR7_8_1\" class=\"rs-ov-hidden\" data-version=\"6.7.34\">\n\t\t\t\t\t<sr7-adjuster><\/sr7-adjuster>\n\t\t\t\t\t<sr7-content>\n\t\t\t\t\t\t<sr7-slide id=\"SR7_8_1-15\" data-key=\"15\">\n\t\t\t\t\t\t\t<sr7-bg id=\"SR7_8_1-15-1\" class=\"sr7-layer\"><noscript><img decoding=\"async\" src=\"https:\/\/ibescholarships.org\/wp-content\/uploads\/sites\/2\/2025\/06\/2025-IBE-2500x1000-IMG1.webp\" alt=\"\" title=\"2025 IBE 2500&#215;1000 IMG1\"><\/noscript><\/sr7-bg>\n\t\t\t\t\t\t\t<sr7-txt id=\"SR7_8_1-15-0\" class=\"sr7-layer\">HERRAMIENTAS Y <br> PREGUNTAS <br> FRECUENTES PARA <br> LOS SOLICITANTES<\/sr7-txt>\n\t\t\t\t\t\t<\/sr7-slide>\n\t\t\t\t\t\t<sr7-slide id=\"SR7_8_1-16\" data-key=\"16\">\n\t\t\t\t\t\t<\/sr7-slide>\n\t\t\t\t\t<\/sr7-content>\n\t\t\t\t\t<image_lists style=\"display:none\">\n\t\t\t\t\t\t<img data-src=\"\/\/ibescholarships.org\/wp-content\/uploads\/sites\/2\/2025\/06\/2025-IBE-2500x1000-IMG1.webp\" data-libid=\"212\" data-lib=\"medialibrary\" title=\"2025 IBE 2500&#215;1000 IMG1\" width=\"0\" height=\"0\" data-dbsrc=\"Ly9pYmVzY2hvbGFyc2hpcHMub3JnL3dwLWNvbnRlbnQvdXBsb2Fkcy9zaXRlcy8yLzIwMjUvMDYvMjAyNS1JQkUtMjUwMHgxMDAwLUlNRzEud2VicA==\"\/>\n\t\t\t\t\t<\/image_lists>\n\t\t\t\t<\/sr7-module>\n\t\t\t\t<script>\n\t\t\t\t\tSR7.PMH ??={}; SR7.PMH[\"SR7_8_1\"] = {cn:100,state:false,fn: function() { if (_tpt!==undefined && _tpt.prepareModuleHeight !== undefined) {  _tpt.prepareModuleHeight({id:\"SR7_8_1\",el:[500,500,768,960,720],type:'standard',shdw:'0',gh:[500,500,413,314,194],gw:[1240,1240,1024,778,480],vpt:['-100px'],size:{fullWidth:true, fullHeight:false},mh:'0',onh:0,onw:0,bg:{color:'{\"orig\":\"transparent\",\"type\":\"solid\",\"string\":\"transparent\"}'}});   SR7.PMH[\"SR7_8_1\"].state=true;} else if(SR7.PMH[\"SR7_8_1\"].cn-->0)\tsetTimeout( SR7.PMH[\"SR7_8_1\"].fn,19);}};SR7.PMH[\"SR7_8_1\" ].fn();\n\t\t\t\t<\/script>\n\n\t\t\t\t<\/div>\n\t\t\t<\/div>Herramientas de aplicaci\u00f3nHerramientas para Solicitantes 2025-26 Solicitud de Beca &nbsp; Formularios Suplementarios de Solicitud Verificaci\u00f3n de Asistencia a Escuela P\u00fablica Verificaci\u00f3n de Transferencia Verificaci\u00f3n de Premio Anteriore &nbsp; Formularios Ejemplos de Cr\u00e9ditos Fiscales Hoja de Elegibilidad para Becas &nbsp; Por favor descargue Adobe Acrobat DC para poder usar todas [&hellip;]<\/p>\n","protected":false},"author":1,"featured_media":0,"parent":21,"menu_order":0,"comment_status":"closed","ping_status":"closed","template":"","meta":{"_et_pb_use_builder":"on","_et_pb_old_content":"","_et_gb_content_width":"","footnotes":""},"class_list":["post-43","page","type-page","status-publish","hentry"],"_links":{"self":[{"href":"https:\/\/ibescholarships.org\/es\/wp-json\/wp\/v2\/pages\/43","targetHints":{"allow":["GET"]}}],"collection":[{"href":"https:\/\/ibescholarships.org\/es\/wp-json\/wp\/v2\/pages"}],"about":[{"href":"https:\/\/ibescholarships.org\/es\/wp-json\/wp\/v2\/types\/page"}],"author":[{"embeddable":true,"href":"https:\/\/ibescholarships.org\/es\/wp-json\/wp\/v2\/users\/1"}],"replies":[{"embeddable":true,"href":"https:\/\/ibescholarships.org\/es\/wp-json\/wp\/v2\/comments?post=43"}],"version-history":[{"count":40,"href":"https:\/\/ibescholarships.org\/es\/wp-json\/wp\/v2\/pages\/43\/revisions"}],"predecessor-version":[{"id":729,"href":"https:\/\/ibescholarships.org\/es\/wp-json\/wp\/v2\/pages\/43\/revisions\/729"}],"up":[{"embeddable":true,"href":"https:\/\/ibescholarships.org\/es\/wp-json\/wp\/v2\/pages\/21"}],"wp:attachment":[{"href":"https:\/\/ibescholarships.org\/es\/wp-json\/wp\/v2\/media?parent=43"}],"curies":[{"name":"wp","href":"https:\/\/api.w.org\/{rel}","templated":true}]}}