{"id":235,"date":"2025-06-24T13:55:15","date_gmt":"2025-06-24T13:55:15","guid":{"rendered":"https:\/\/ibebeta.com\/?page_id=235"},"modified":"2025-11-25T04:58:57","modified_gmt":"2025-11-25T04:58:57","slug":"esa","status":"publish","type":"page","link":"https:\/\/ibescholarships.org\/es\/applicants\/esa\/","title":{"rendered":"ESA Y STO"},"content":{"rendered":"<p>[et_pb_section fb_built=&#8221;1&#8243; _builder_version=&#8221;4.27.4&#8243; _module_preset=&#8221;default&#8221; custom_margin=&#8221;0px||0px||false|false&#8221; custom_padding=&#8221;0px||0px||false|false&#8221; global_colors_info=&#8221;{}&#8221;][et_pb_row _builder_version=&#8221;4.27.4&#8243; _module_preset=&#8221;default&#8221; custom_margin=&#8221;0px||0px||false|false&#8221; custom_padding=&#8221;0px||0px||false|false&#8221; global_colors_info=&#8221;{}&#8221;][et_pb_column type=&#8221;4_4&#8243; _builder_version=&#8221;4.27.4&#8243; _module_preset=&#8221;default&#8221; global_colors_info=&#8221;{}&#8221;][revslider_divi revslider_divi=&#8221;%91rev_slider alias=%22esa%22 slidertitle=%22esa%22%93%91\/rev_slider%93&#8243; _builder_version=&#8221;4.27.4&#8243; _module_preset=&#8221;default&#8221; global_colors_info=&#8221;{}&#8221;][\/revslider_divi][\/et_pb_column][\/et_pb_row][\/et_pb_section][et_pb_section fb_built=&#8221;1&#8243; _builder_version=&#8221;4.27.4&#8243; _module_preset=&#8221;default&#8221; global_colors_info=&#8221;{}&#8221;][et_pb_row _builder_version=&#8221;4.27.4&#8243; _module_preset=&#8221;default&#8221; global_colors_info=&#8221;{}&#8221;][et_pb_column type=&#8221;4_4&#8243; _builder_version=&#8221;4.27.4&#8243; _module_preset=&#8221;default&#8221; global_colors_info=&#8221;{}&#8221;][et_pb_text _builder_version=&#8221;4.27.4&#8243; _module_preset=&#8221;default&#8221; hover_enabled=&#8221;0&#8243; global_colors_info=&#8221;{}&#8221; sticky_enabled=&#8221;0&#8243;]<\/p>\n<h1><b>Cuenta de Becas de Empoderamiento de Arizona (ESA)<\/b><\/h1>\n<p><span style=\"font-weight: 400;\">ESA es un programa que permite a familias elegibles de Arizona recibir fondos p\u00fablicos para la educaci\u00f3n de sus hijos, us\u00e1ndolos en diversos gastos educativos fuera del sistema tradicional de escuelas p\u00fablicas. Esto incluye colegiaturas en escuelas privadas, educaci\u00f3n en l\u00ednea, tutor\u00edas y otros servicios educativos aprobados.<\/span><\/p>\n<p><span style=\"font-weight: 400;\">ESA y las Organizaciones de Matr\u00edcula Escolar (STOs, por sus siglas en ingl\u00e9s) no tienen afiliaci\u00f3n entre s\u00ed m\u00e1s all\u00e1 de que ambas ayudan a las familias a financiar la educaci\u00f3n de estudiantes en Arizona.<\/span><\/p>\n<p>[\/et_pb_text][\/et_pb_column][\/et_pb_row][et_pb_row column_structure=&#8221;1_2,1_2&#8243; _builder_version=&#8221;4.27.4&#8243; _module_preset=&#8221;default&#8221; global_colors_info=&#8221;{}&#8221;][et_pb_column type=&#8221;1_2&#8243; _builder_version=&#8221;4.27.4&#8243; _module_preset=&#8221;default&#8221; global_colors_info=&#8221;{}&#8221;][et_pb_text _builder_version=&#8221;4.27.4&#8243; _module_preset=&#8221;default&#8221; hover_enabled=&#8221;0&#8243; global_colors_info=&#8221;{}&#8221; sticky_enabled=&#8221;0&#8243;]<\/p>\n<h3><b>\u00a1Ahorrar Fondos Recomendados mientras est\u00e1s en ESA!<\/b><\/h3>\n<p><span style=\"font-weight: 400;\">S\u00ed, es posible guardar Fondos Recomendados de STO mientras su hijo(a) est\u00e1 bajo un contrato con ESA, comenzando desde k\u00ednder. Muchas familias que hacen esto est\u00e1n mejor preparadas para afrontar los costos m\u00e1s altos de la escuela intermedia y secundaria.<\/span><\/p>\n<p><span style=\"font-weight: 400;\">Sigue el diagrama de flujo para ver si su hijo(a) califica.<\/span><\/p>\n<p>[\/et_pb_text][\/et_pb_column][et_pb_column type=&#8221;1_2&#8243; _builder_version=&#8221;4.27.4&#8243; _module_preset=&#8221;default&#8221; global_colors_info=&#8221;{}&#8221;][et_pb_image src=&#8221;https:\/\/ibescholarships.org\/wp-content\/uploads\/sites\/2\/2025\/07\/2025-IBE-ESA-Flow-Chart-Saving-Recommended-Funds-V1-5-scaled.webp&#8221; alt=&#8221;Saving while on STO Recommended Funds&#8221; title_text=&#8221;2025-IBE-ESA-Flow-Chart-Saving-Recommended-Funds-V1-5&#8243; show_in_lightbox=&#8221;on&#8221; _builder_version=&#8221;4.27.4&#8243; _module_preset=&#8221;default&#8221; border_radii=&#8221;on|15px|15px|15px|15px&#8221; box_shadow_style=&#8221;preset1&#8243; global_colors_info=&#8221;{}&#8221;][\/et_pb_image][\/et_pb_column][\/et_pb_row][et_pb_row _builder_version=&#8221;4.27.4&#8243; _module_preset=&#8221;default&#8221; global_colors_info=&#8221;{}&#8221;][et_pb_column type=&#8221;4_4&#8243; _builder_version=&#8221;4.27.4&#8243; _module_preset=&#8221;default&#8221; global_colors_info=&#8221;{}&#8221;][et_pb_divider color=&#8221;#183762&#8243; _builder_version=&#8221;4.27.4&#8243; _module_preset=&#8221;default&#8221; custom_margin=&#8221;0px||0px||false|false&#8221; custom_padding=&#8221;0px||0px||false|false&#8221; global_colors_info=&#8221;{}&#8221;][\/et_pb_divider][\/et_pb_column][\/et_pb_row][et_pb_row column_structure=&#8221;1_2,1_2&#8243; _builder_version=&#8221;4.27.4&#8243; _module_preset=&#8221;default&#8221; global_colors_info=&#8221;{}&#8221;][et_pb_column type=&#8221;1_2&#8243; _builder_version=&#8221;4.27.4&#8243; _module_preset=&#8221;default&#8221; global_colors_info=&#8221;{}&#8221;][et_pb_image src=&#8221;https:\/\/ibescholarships.org\/wp-content\/uploads\/sites\/2\/2025\/06\/2025-IBE-ESA-Flow-Charts-Accepting-ESA-vs-STO-V1-4-scaled.webp&#8221; alt=&#8221;Accepting ESA VS STO funds&#8221; title_text=&#8221;2025-IBE-ESA-Flow-Charts-Accepting-ESA-vs-STO-V1-4&#8243; show_in_lightbox=&#8221;on&#8221; _builder_version=&#8221;4.27.4&#8243; _module_preset=&#8221;default&#8221; border_radii=&#8221;on|15px|15px|15px|15px&#8221; box_shadow_style=&#8221;preset1&#8243; global_colors_info=&#8221;{}&#8221;][\/et_pb_image][\/et_pb_column][et_pb_column type=&#8221;1_2&#8243; _builder_version=&#8221;4.27.4&#8243; _module_preset=&#8221;default&#8221; global_colors_info=&#8221;{}&#8221;][et_pb_text _builder_version=&#8221;4.27.4&#8243; _module_preset=&#8221;default&#8221; hover_enabled=&#8221;0&#8243; global_colors_info=&#8221;{}&#8221; sticky_enabled=&#8221;0&#8243;]<\/p>\n<h1 style=\"text-align: right;\">ESA VS. STO<\/h1>\n<p style=\"text-align: right;\"><span style=\"font-weight: 400;\">Dependiendo de su situaci\u00f3n particular, una beca de ESA o STO puede adaptarse mejor a las necesidades de su hijo(a). Utilice el diagrama de flujo para ayudarle a decidir.<\/span><\/p>\n<p>[\/et_pb_text][\/et_pb_column][\/et_pb_row][\/et_pb_section][et_pb_section fb_built=&#8221;1&#8243; prev_background_color=&#8221;#ffffff&#8221; _builder_version=&#8221;4.27.4&#8243; _module_preset=&#8221;default&#8221; background_color=&#8221;gcid-8292fe19-9652-4b5d-b175-a4fbc3c003b4&#8243; top_divider_style=&#8221;wave&#8221; global_colors_info=&#8221;{%22gcid-8292fe19-9652-4b5d-b175-a4fbc3c003b4%22:%91%22background_color%22%93}&#8221;][et_pb_row _builder_version=&#8221;4.27.4&#8243; _module_preset=&#8221;default&#8221; global_colors_info=&#8221;{}&#8221;][et_pb_column type=&#8221;4_4&#8243; _builder_version=&#8221;4.27.4&#8243; _module_preset=&#8221;default&#8221; global_colors_info=&#8221;{}&#8221;][et_pb_text _builder_version=&#8221;4.27.4&#8243; _module_preset=&#8221;default&#8221; hover_enabled=&#8221;0&#8243; global_colors_info=&#8221;{}&#8221; sticky_enabled=&#8221;0&#8243;]<\/p>\n<h1><b>Preguntas Frecuentes de ESA<\/b><\/h1>\n<p>[\/et_pb_text][\/et_pb_column][\/et_pb_row][et_pb_row _builder_version=&#8221;4.27.4&#8243; _module_preset=&#8221;default&#8221; global_colors_info=&#8221;{}&#8221;][et_pb_column type=&#8221;4_4&#8243; _builder_version=&#8221;4.27.4&#8243; _module_preset=&#8221;default&#8221; global_colors_info=&#8221;{}&#8221;][et_pb_accordion _builder_version=&#8221;4.27.4&#8243; _module_preset=&#8221;default&#8221; toggle_level=&#8221;h6&#8243; hover_enabled=&#8221;0&#8243; border_radii=&#8221;on|15px|15px|15px|15px&#8221; box_shadow_style=&#8221;preset1&#8243; global_colors_info=&#8221;{}&#8221; sticky_enabled=&#8221;0&#8243;][et_pb_accordion_item title=&#8221;\u00bfPuedo usar becas financiadas por Organizaciones de Matr\u00edcula Escolar (STOs) al mismo tiempo que los fondos de ESA?&#8221; open=&#8221;on&#8221; _builder_version=&#8221;4.27.4&#8243; _module_preset=&#8221;default&#8221; hover_enabled=&#8221;0&#8243; global_colors_info=&#8221;{}&#8221; sticky_enabled=&#8221;0&#8243;]<\/p>\n<p><span style=\"font-weight: 400;\">\u00a0No. La ley de ESA proh\u00edbe que las familias acepten ambos tipos de financiamiento al mismo tiempo. Se pueden usar fuentes diferentes en trimestres distintos. <\/span><i><span style=\"font-weight: 400;\">Existen requisitos de elegibilidad adicionales.<\/span><\/i><\/p>\n<p>[\/et_pb_accordion_item][et_pb_accordion_item title=&#8221;\u00bfPuedo usar Fondos Recomendados (donaciones de cr\u00e9dito fiscal) junto con fondos de ESA?&#8221; _builder_version=&#8221;4.27.4&#8243; _module_preset=&#8221;default&#8221; hover_enabled=&#8221;0&#8243; global_colors_info=&#8221;{}&#8221; open=&#8221;off&#8221; sticky_enabled=&#8221;0&#8243;]<\/p>\n<p><span style=\"font-weight: 400;\">No. Todas las becas financiadas por STOs son becas que no pueden aceptarse mientras un contrato ESA est\u00e9 activo.<\/span><\/p>\n<p>[\/et_pb_accordion_item][et_pb_accordion_item title=&#8221;\u00bfDebo cancelar mi contrato de ESA para aceptar fondos STO?&#8221; _builder_version=&#8221;4.27.4&#8243; _module_preset=&#8221;default&#8221; hover_enabled=&#8221;0&#8243; global_colors_info=&#8221;{}&#8221; open=&#8221;off&#8221; sticky_enabled=&#8221;0&#8243;]<\/p>\n<p><span style=\"font-weight: 400;\">S\u00ed. Si el estudiante planea aceptar fondos STO en el mismo a\u00f1o calendario en que hay un contrato de ESA activo, primero debe cancelarse el contrato ESA. IBE requiere prueba de cancelaci\u00f3n de ESA.<\/span><\/p>\n<p><span style=\"font-weight: 400;\"><br \/><\/span><span style=\"font-weight: 400;\"> Si el estudiante planea aceptar fondos STO en el siguiente a\u00f1o escolar tras un contrato de ESA activo, el contrato ESA debe cancelarse o no renovarse por parte del padre\/tutor. IBE requiere prueba de cancelaci\u00f3n o no renovaci\u00f3n del contrato ESA.<\/span><\/p>\n<p>[\/et_pb_accordion_item][et_pb_accordion_item title=&#8221;Estoy separado(a) del otro padre\/madre que acept\u00f3 ESA para nuestro hijo(a). \u00bfPuedo usar becas?&#8221; _builder_version=&#8221;4.27.4&#8243; _module_preset=&#8221;default&#8221; hover_enabled=&#8221;0&#8243; global_colors_info=&#8221;{}&#8221; open=&#8221;off&#8221; sticky_enabled=&#8221;0&#8243;]<\/p>\n<p><span style=\"font-weight: 400;\">No. Dado que el financiamiento de becas o ESA se otorga al estudiante, no al padre, solo se puede usar una fuente de financiamiento por estudiante.<\/span><\/p>\n<p>[\/et_pb_accordion_item][et_pb_accordion_item title=&#8221;\u00bfQu\u00e9 documentos debo presentar si mi hijo(a) est\u00e1 traslad\u00e1ndose de ESA a STOs?&#8221; _builder_version=&#8221;4.27.4&#8243; _module_preset=&#8221;default&#8221; hover_enabled=&#8221;0&#8243; global_colors_info=&#8221;{}&#8221; open=&#8221;off&#8221; sticky_enabled=&#8221;0&#8243;]<\/p>\n<p><span style=\"font-weight: 400;\">Debe proporcionarse una copia del correo electr\u00f3nico de cancelaci\u00f3n de ESA para todos los hijos, junto con la Verificaci\u00f3n de Transferencia de IBE. Si se solicitan fondos STO dentro del mismo trimestre ESA en que fue cancelado el contrato, IBE tambi\u00e9n requiere el registro de transacciones de Class Wallet que muestre pagos realizados.<\/span><\/p>\n<p>[\/et_pb_accordion_item][et_pb_accordion_item title=&#8221;\u00bfNecesito presentar documentaci\u00f3n con mi solicitud si mi estudiante est\u00e1 en ESA?&#8221; _builder_version=&#8221;4.27.4&#8243; _module_preset=&#8221;default&#8221; hover_enabled=&#8221;0&#8243; global_colors_info=&#8221;{}&#8221; open=&#8221;off&#8221; sticky_enabled=&#8221;0&#8243;]<\/p>\n<p><span style=\"font-weight: 400;\">No. Solo se necesita confirmaci\u00f3n del uso continuo del ESA mientras se contin\u00faan solicitando Fondos Recomendados a trav\u00e9s de IBE. La documentaci\u00f3n ser\u00e1 requerida al cancelar ESA.<\/span><\/p>\n<p>[\/et_pb_accordion_item][et_pb_accordion_item title=&#8221;Si no gast\u00f3 los fondos ESA en colegiaturas privadas, \u00bfpuedo aceptar becas con cr\u00e9dito fiscal (STO) para pagar la colegiatura?&#8221; _builder_version=&#8221;4.27.4&#8243; _module_preset=&#8221;default&#8221; hover_enabled=&#8221;0&#8243; global_colors_info=&#8221;{}&#8221; open=&#8221;off&#8221; sticky_enabled=&#8221;0&#8243;]<\/p>\n<p><span style=\"font-weight: 400;\">No. No puede usar fondos ESA para ning\u00fan prop\u00f3sito mientras acepta becas STO al mismo tiempo.<\/span><\/p>\n<p>[\/et_pb_accordion_item][et_pb_accordion_item title=&#8221;Si ahorro todos mis fondos de ESA y no gasto nada, \u00bfpuedo aceptar becas de cr\u00e9dito fiscal STO?&#8221; _builder_version=&#8221;4.27.4&#8243; _module_preset=&#8221;default&#8221; hover_enabled=&#8221;0&#8243; global_colors_info=&#8221;{}&#8221; open=&#8221;off&#8221; sticky_enabled=&#8221;0&#8243;]<\/p>\n<p><span style=\"font-weight: 400;\">No. Aunque no hayas gastado ninguno de los fondos ESA, al firmar un contrato ya est\u00e1s aceptando ESA, por lo que no puedes aceptar becas STO simult\u00e1neamente.<\/span><\/p>\n<p>[\/et_pb_accordion_item][\/et_pb_accordion][\/et_pb_column][\/et_pb_row][\/et_pb_section]<\/p>\n","protected":false},"excerpt":{"rendered":"<p><div class=\"et_pb_module revslider_divi revslider_divi_0\">\n\t\t\t\t\n\t\t\t\t\n\t\t\t\t\n\t\t\t\t\n\t\t\t\t\n\t\t\t\t\n\t\t\t\t<div class=\"et_pb_module_inner\">\n\t\t\t\t\t\n\t\t\t\t<p class=\"rs-p-wp-fix\"><\/p>\n\t\t\t\t<sr7-module data-alias=\"esa\" data-id=\"9\" id=\"SR7_9_1\" class=\"rs-ov-hidden\" data-version=\"6.7.34\">\n\t\t\t\t\t<sr7-adjuster><\/sr7-adjuster>\n\t\t\t\t\t<sr7-content>\n\t\t\t\t\t\t<sr7-slide id=\"SR7_9_1-17\" data-key=\"17\">\n\t\t\t\t\t\t\t<sr7-bg id=\"SR7_9_1-17-1\" class=\"sr7-layer\"><noscript><img decoding=\"async\" src=\"https:\/\/ibescholarships.org\/wp-content\/uploads\/sites\/2\/2025\/06\/2025-IBE-2500x1000-IMG6.webp\" alt=\"\" title=\"2025 IBE 2500&#215;1000 IMG6\"><\/noscript><\/sr7-bg>\n\t\t\t\t\t\t\t<sr7-txt id=\"SR7_9_1-17-0\" class=\"sr7-layer\">ESA<\/sr7-txt>\n\t\t\t\t\t\t<\/sr7-slide>\n\t\t\t\t\t\t<sr7-slide id=\"SR7_9_1-18\" data-key=\"18\">\n\t\t\t\t\t\t<\/sr7-slide>\n\t\t\t\t\t<\/sr7-content>\n\t\t\t\t\t<image_lists style=\"display:none\">\n\t\t\t\t\t\t<img data-src=\"\/\/ibescholarships.org\/wp-content\/uploads\/sites\/2\/2025\/06\/2025-IBE-2500x1000-IMG6.webp\" data-libid=\"217\" data-lib=\"medialibrary\" title=\"2025 IBE 2500&#215;1000 IMG6\" width=\"0\" height=\"0\" data-dbsrc=\"Ly9pYmVzY2hvbGFyc2hpcHMub3JnL3dwLWNvbnRlbnQvdXBsb2Fkcy9zaXRlcy8yLzIwMjUvMDYvMjAyNS1JQkUtMjUwMHgxMDAwLUlNRzYud2VicA==\"\/>\n\t\t\t\t\t<\/image_lists>\n\t\t\t\t<\/sr7-module>\n\t\t\t\t<script>\n\t\t\t\t\tSR7.PMH ??={}; SR7.PMH[\"SR7_9_1\"] = {cn:100,state:false,fn: function() { if (_tpt!==undefined && _tpt.prepareModuleHeight !== undefined) {  _tpt.prepareModuleHeight({id:\"SR7_9_1\",el:[500,500,768,960,720],type:'standard',shdw:'0',gh:[500,500,,,],gw:[1240,1240,1024,778,480],vpt:['-100px'],size:{fullWidth:true, fullHeight:false},mh:'0',onh:0,onw:0,bg:{color:'{\"orig\":\"transparent\",\"type\":\"solid\",\"string\":\"transparent\"}'}});   SR7.PMH[\"SR7_9_1\"].state=true;} else if(SR7.PMH[\"SR7_9_1\"].cn-->0)\tsetTimeout( SR7.PMH[\"SR7_9_1\"].fn,19);}};SR7.PMH[\"SR7_9_1\" ].fn();\n\t\t\t\t<\/script>\n\n\t\t\t\t<\/div>\n\t\t\t<\/div>Cuenta de Becas de Empoderamiento de Arizona (ESA) ESA es un programa que permite a familias elegibles de Arizona recibir fondos p\u00fablicos para la educaci\u00f3n de sus hijos, us\u00e1ndolos en diversos gastos educativos fuera del sistema tradicional de escuelas p\u00fablicas. Esto incluye colegiaturas en escuelas privadas, educaci\u00f3n en l\u00ednea, [&hellip;]<\/p>\n","protected":false},"author":1,"featured_media":0,"parent":21,"menu_order":0,"comment_status":"closed","ping_status":"closed","template":"","meta":{"_et_pb_use_builder":"on","_et_pb_old_content":"<!-- wp:divi\/placeholder \/-->","_et_gb_content_width":"","footnotes":""},"class_list":["post-235","page","type-page","status-publish","hentry"],"_links":{"self":[{"href":"https:\/\/ibescholarships.org\/es\/wp-json\/wp\/v2\/pages\/235","targetHints":{"allow":["GET"]}}],"collection":[{"href":"https:\/\/ibescholarships.org\/es\/wp-json\/wp\/v2\/pages"}],"about":[{"href":"https:\/\/ibescholarships.org\/es\/wp-json\/wp\/v2\/types\/page"}],"author":[{"embeddable":true,"href":"https:\/\/ibescholarships.org\/es\/wp-json\/wp\/v2\/users\/1"}],"replies":[{"embeddable":true,"href":"https:\/\/ibescholarships.org\/es\/wp-json\/wp\/v2\/comments?post=235"}],"version-history":[{"count":19,"href":"https:\/\/ibescholarships.org\/es\/wp-json\/wp\/v2\/pages\/235\/revisions"}],"predecessor-version":[{"id":730,"href":"https:\/\/ibescholarships.org\/es\/wp-json\/wp\/v2\/pages\/235\/revisions\/730"}],"up":[{"embeddable":true,"href":"https:\/\/ibescholarships.org\/es\/wp-json\/wp\/v2\/pages\/21"}],"wp:attachment":[{"href":"https:\/\/ibescholarships.org\/es\/wp-json\/wp\/v2\/media?parent=235"}],"curies":[{"name":"wp","href":"https:\/\/api.w.org\/{rel}","templated":true}]}}