{"id":23,"date":"2025-05-22T14:17:11","date_gmt":"2025-05-22T14:17:11","guid":{"rendered":"https:\/\/ibebeta.com\/?page_id=23"},"modified":"2025-11-25T14:30:15","modified_gmt":"2025-11-25T14:30:15","slug":"donor-tools","status":"publish","type":"page","link":"https:\/\/ibescholarships.org\/es\/donors\/donor-tools\/","title":{"rendered":"Herramientas Para Donantes Y Preguntas Frecuentes"},"content":{"rendered":"<p>[et_pb_section fb_built=&#8221;1&#8243; _builder_version=&#8221;4.27.4&#8243; _module_preset=&#8221;default&#8221; custom_margin=&#8221;0px||0px||false|false&#8221; custom_padding=&#8221;0px||0px||false|false&#8221; global_colors_info=&#8221;{}&#8221;][et_pb_row _builder_version=&#8221;4.27.4&#8243; _module_preset=&#8221;default&#8221; custom_margin=&#8221;0px||0px||false|false&#8221; custom_padding=&#8221;0px||0px||false|false&#8221; global_colors_info=&#8221;{}&#8221;][et_pb_column type=&#8221;4_4&#8243; _builder_version=&#8221;4.27.4&#8243; _module_preset=&#8221;default&#8221; global_colors_info=&#8221;{}&#8221;][revslider_divi revslider_divi=&#8221;%91rev_slider alias=%22slider-2-1%22 slidertitle=%22Donor Tools%22%93%91\/rev_slider%93&#8243; _builder_version=&#8221;4.27.4&#8243; _module_preset=&#8221;default&#8221; global_colors_info=&#8221;{}&#8221;][\/revslider_divi][\/et_pb_column][\/et_pb_row][\/et_pb_section][et_pb_section fb_built=&#8221;1&#8243; _builder_version=&#8221;4.27.4&#8243; _module_preset=&#8221;default&#8221; global_colors_info=&#8221;{}&#8221;][et_pb_row column_structure=&#8221;1_2,1_2&#8243; _builder_version=&#8221;4.27.4&#8243; _module_preset=&#8221;default&#8221; global_colors_info=&#8221;{}&#8221;][et_pb_column type=&#8221;1_2&#8243; _builder_version=&#8221;4.27.4&#8243; _module_preset=&#8221;default&#8221; global_colors_info=&#8221;{}&#8221;][et_pb_text _builder_version=&#8221;4.27.4&#8243; _module_preset=&#8221;default&#8221; hover_enabled=&#8221;0&#8243; global_colors_info=&#8221;{}&#8221; sticky_enabled=&#8221;0&#8243;]<\/p>\n<h1><b>Formularios<\/b><\/h1>\n<h5><b>Formularios de donaci\u00f3n<\/b><\/h5>\n<ul>\n<li><a href=\"https:\/\/ibescholarships.org\/wp-content\/uploads\/sites\/2\/2025\/08\/2025-26-Fillable-Donation-Form.pdf\">Formulario de donaci\u00f3n imprimible<\/a><\/li>\n<li><a href=\"https:\/\/ibescholarships.org\/wp-content\/uploads\/sites\/2\/2025\/08\/2025-Fillable-Monthly-Donation.pdf\">Formulario de donaci\u00f3n mensual<\/a><\/li>\n<\/ul>\n<h5><b>A trav\u00e9s de retenciones del empleador<\/b><\/h5>\n<ul>\n<li><a href=\"https:\/\/ibescholarships.org\/wp-content\/uploads\/sites\/2\/2025\/08\/2025-A4-C.pdf\">Formulario A-4C de retenci\u00f3n<\/a><\/li>\n<li><a href=\"https:\/\/ibescholarships.org\/wp-content\/uploads\/sites\/2\/2025\/08\/2025-Fillable-IBE-Withholding-Application.pdf\">Aplicaci\u00f3n de retenci\u00f3n de IBE<\/a><\/li>\n<\/ul>\n<h5><b>Formularios de impuestos<\/b><\/h5>\n<ul>\n<li><a href=\"https:\/\/ibescholarships.org\/wp-content\/uploads\/sites\/2\/2025\/08\/2024-AZ-Form-301.pdf\">Formulario AZ 301 (para reclamar cualquier cr\u00e9dito fiscal estatal de AZ)<\/a><\/li>\n<li><a href=\"https:\/\/ibescholarships.org\/wp-content\/uploads\/sites\/2\/2025\/08\/2024-AZ-Form-323.pdf\">Formulario AZ 323 (para reclamar cualquier donaci\u00f3n Original hecha)<\/a><\/li>\n<li><a href=\"https:\/\/ibescholarships.org\/wp-content\/uploads\/sites\/2\/2025\/08\/2024-AZ-Form-348.pdf\">Formulario AZ 348 (para reclamar cualquier donaci\u00f3n PLUS hecha)<\/a><\/li>\n<\/ul>\n<h5><b>Formularios fiscales corporativos<\/b><\/h5>\n<ul>\n<li><a href=\"https:\/\/ibescholarships.org\/wp-content\/uploads\/sites\/2\/2025\/08\/2024-AZ-Form-335-Corporations.pdf\">Formulario AZ 335 (para corporaciones C y compa\u00f1\u00edas de seguros)<\/a><\/li>\n<li><a href=\"https:\/\/ibescholarships.org\/wp-content\/uploads\/sites\/2\/2025\/08\/2024-AZ-Form-335-S-S-Corps.pdf\">Formulario AZ 335-S (para corporaciones S y LLCs que tributan como S)<\/a><\/li>\n<\/ul>\n<p>[\/et_pb_text][\/et_pb_column][et_pb_column type=&#8221;1_2&#8243; _builder_version=&#8221;4.27.4&#8243; _module_preset=&#8221;default&#8221; global_colors_info=&#8221;{}&#8221;][et_pb_text _builder_version=&#8221;4.27.4&#8243; _module_preset=&#8221;default&#8221; hover_enabled=&#8221;0&#8243; global_colors_info=&#8221;{}&#8221; sticky_enabled=&#8221;0&#8243;]<\/p>\n<h1><b>Gu\u00edas<\/b><\/h1>\n<ul>\n<li><a href=\"https:\/\/ibescholarships.org\/wp-content\/uploads\/sites\/2\/2025\/08\/2025-Fillable-Tax-Consultant-Guide-1.pdf\">Gu\u00eda de asesor fiscal<\/a><\/li>\n<li><a href=\"https:\/\/ibescholarships.org\/wp-content\/uploads\/sites\/2\/2025\/08\/2024-IBE-Turbo-Tax-Guide.pdf\">Gu\u00eda de TurboTax 2024<\/a><\/li>\n<li><span style=\"font-weight: 400;\">Seminario web \u201cTax Credit 101\u201d<\/span><\/li>\n<\/ul>\n<p>[\/et_pb_text][\/et_pb_column][\/et_pb_row][\/et_pb_section][et_pb_section fb_built=&#8221;1&#8243; prev_background_color=&#8221;#ffffff&#8221; _builder_version=&#8221;4.27.4&#8243; _module_preset=&#8221;default&#8221; background_color=&#8221;gcid-8292fe19-9652-4b5d-b175-a4fbc3c003b4&#8243; top_divider_style=&#8221;wave&#8221; global_colors_info=&#8221;{%22gcid-8292fe19-9652-4b5d-b175-a4fbc3c003b4%22:%91%22background_color%22%93}&#8221;][et_pb_row _builder_version=&#8221;4.27.4&#8243; _module_preset=&#8221;default&#8221; global_colors_info=&#8221;{}&#8221;][et_pb_column type=&#8221;4_4&#8243; _builder_version=&#8221;4.27.4&#8243; _module_preset=&#8221;default&#8221; global_colors_info=&#8221;{}&#8221;][et_pb_text _builder_version=&#8221;4.27.4&#8243; _module_preset=&#8221;default&#8221; hover_enabled=&#8221;0&#8243; global_colors_info=&#8221;{}&#8221; sticky_enabled=&#8221;0&#8243;]<\/p>\n<h1><b>Preguntas Frecuentes para Donantes<\/b><\/h1>\n<p>[\/et_pb_text][\/et_pb_column][\/et_pb_row][et_pb_row _builder_version=&#8221;4.27.4&#8243; _module_preset=&#8221;default&#8221; global_colors_info=&#8221;{}&#8221;][et_pb_column type=&#8221;4_4&#8243; _builder_version=&#8221;4.27.4&#8243; _module_preset=&#8221;default&#8221; global_colors_info=&#8221;{}&#8221;][et_pb_accordion _builder_version=&#8221;4.27.4&#8243; _module_preset=&#8221;default&#8221; toggle_level=&#8221;h6&#8243; hover_enabled=&#8221;0&#8243; border_radii=&#8221;on|15px|15px|15px|15px&#8221; box_shadow_style=&#8221;preset1&#8243; global_colors_info=&#8221;{}&#8221; sticky_enabled=&#8221;0&#8243;][et_pb_accordion_item title=&#8221;\u00bfQui\u00e9n puede donar?&#8221; _builder_version=&#8221;4.27.4&#8243; _module_preset=&#8221;default&#8221; hover_enabled=&#8221;0&#8243; global_colors_info=&#8221;{}&#8221; open=&#8221;on&#8221; sticky_enabled=&#8221;0&#8243;]<\/p>\n<p><span style=\"font-weight: 400;\">\u00a0Cualquier contribuyente que tenga una obligaci\u00f3n tributaria estatal de Arizona.<\/span><\/p>\n<p>[\/et_pb_accordion_item][et_pb_accordion_item title=&#8221;\u00bfQu\u00e9 pasa si no vivo en Arizona pero a\u00fan quiero donar?&#8221; _builder_version=&#8221;4.27.4&#8243; _module_preset=&#8221;default&#8221; hover_enabled=&#8221;0&#8243; global_colors_info=&#8221;{}&#8221; open=&#8221;off&#8221; sticky_enabled=&#8221;0&#8243;]<\/p>\n<p><span style=\"font-weight: 400;\">\u00a0IBE es una organizaci\u00f3n sin fines de lucro 501(c)(3) y puede aceptar donaciones deducibles de impuestos hasta el 31 de diciembre del a\u00f1o en curso.<\/span><\/p>\n<p>[\/et_pb_accordion_item][et_pb_accordion_item title=&#8221;\u00bfCu\u00e1nto puedo donar?&#8221; open=&#8221;off&#8221; _builder_version=&#8221;4.27.4&#8243; _module_preset=&#8221;default&#8221; hover_enabled=&#8221;0&#8243; global_colors_info=&#8221;{}&#8221; sticky_enabled=&#8221;0&#8243;]<\/p>\n<p><span style=\"font-weight: 400;\">Visite la p\u00e1gina de <\/span><a href=\"https:\/\/ibescholarships.org\/sp\/donors\/\"><b>Donar<\/b><\/a><span style=\"font-weight: 400;\"> para ver los montos m\u00e1s recientes permitidos.<\/span><\/p>\n<p>[\/et_pb_accordion_item][et_pb_accordion_item title=&#8221;\u00bfPuedo donar m\u00e1s?&#8221; _builder_version=&#8221;4.27.4&#8243; _module_preset=&#8221;default&#8221; hover_enabled=&#8221;0&#8243; global_colors_info=&#8221;{}&#8221; open=&#8221;off&#8221; sticky_enabled=&#8221;0&#8243;]<\/p>\n<p><span style=\"font-weight: 400;\">S\u00ed. IBE tiene una organizaci\u00f3n hermana de cr\u00e9dito fiscal (QCO tax credit) que permite dirigir cualquier excedente de obligaci\u00f3n tributaria estatal para ayudar a estudiantes con bajos ingresos en escuelas privadas, p\u00fablicas y charter de Arizona. M\u00e1s informaci\u00f3n en <\/span><a href=\"https:\/\/ibefoundation.org\/\"><b>ibefoundation.org<\/b><\/a><span style=\"font-weight: 400;\"> o llamando al (520) 200-7275.<\/span><\/p>\n<p>[\/et_pb_accordion_item][et_pb_accordion_item title=&#8221;\u00bfC\u00f3mo dono?&#8221; _builder_version=&#8221;4.27.4&#8243; _module_preset=&#8221;default&#8221; hover_enabled=&#8221;0&#8243; global_colors_info=&#8221;{}&#8221; open=&#8221;off&#8221; sticky_enabled=&#8221;0&#8243;]<\/p>\n<p><span style=\"font-weight: 400;\">\u00a0IBE acepta pagos con tarjeta de d\u00e9bito o cr\u00e9dito por tel\u00e9fono y en l\u00ednea, as\u00ed como pagos en persona o por correo.<\/span><\/p>\n<p>[\/et_pb_accordion_item][et_pb_accordion_item title=&#8221;\u00bfTengo que donar el monto completo permitido?&#8221; _builder_version=&#8221;4.27.4&#8243; _module_preset=&#8221;default&#8221; hover_enabled=&#8221;0&#8243; global_colors_info=&#8221;{}&#8221; open=&#8221;off&#8221; sticky_enabled=&#8221;0&#8243;]<\/p>\n<p><span style=\"font-weight: 400;\">No. Su cr\u00e9dito fiscal total no debe superar su obligaci\u00f3n tributaria estatal de Arizona (l\u00ednea 48 en el formulario AZ 140).<\/span><\/p>\n<p>[\/et_pb_accordion_item][et_pb_accordion_item title=&#8221;\u00bfCu\u00e1ndo debo donar?&#8221; _builder_version=&#8221;4.27.4&#8243; _module_preset=&#8221;default&#8221; hover_enabled=&#8221;0&#8243; global_colors_info=&#8221;{}&#8221; open=&#8221;off&#8221; sticky_enabled=&#8221;0&#8243;]<\/p>\n<p><span style=\"font-weight: 400;\">Para cr\u00e9ditos fiscales del estado de Arizona, la donaci\u00f3n debe hacerse a m\u00e1s tardar el d\u00eda de impuestos. Si la donaci\u00f3n se hace entre el 1 de enero y el d\u00eda de impuestos, el donante elige para cu\u00e1l a\u00f1o fiscal desea reclamar el cr\u00e9dito (a\u00f1o fiscal previo o actual).<\/span><\/p>\n<p>[\/et_pb_accordion_item][et_pb_accordion_item title=&#8221;\u00bfQu\u00e9 porcentaje de mi donaci\u00f3n se destina a becas?&#8221; _builder_version=&#8221;4.27.4&#8243; _module_preset=&#8221;default&#8221; hover_enabled=&#8221;0&#8243; global_colors_info=&#8221;{}&#8221; open=&#8221;off&#8221; sticky_enabled=&#8221;0&#8243;]<\/p>\n<p><span style=\"font-weight: 400;\">\u00a0IBE asigna el 92 % de las donaciones como becas.<\/span><\/p>\n<p>[\/et_pb_accordion_item][et_pb_accordion_item title=&#8221;\u00bfC\u00f3mo IBE justifica el 8 % retenido?&#8221; _builder_version=&#8221;4.27.4&#8243; _module_preset=&#8221;default&#8221; hover_enabled=&#8221;0&#8243; global_colors_info=&#8221;{}&#8221; open=&#8221;off&#8221; sticky_enabled=&#8221;0&#8243;]<\/p>\n<p><span style=\"font-weight: 400;\">Ese 8 % se usa para cubrir gastos operativos y administrativos como comisiones de tarjeta de cr\u00e9dito, marketing, servicios p\u00fablicos y salarios.<\/span><\/p>\n<p>[\/et_pb_accordion_item][et_pb_accordion_item title=&#8221;\u00bfPuedo contribuir tanto a escuelas p\u00fablicas como privadas?&#8221; _builder_version=&#8221;4.27.4&#8243; _module_preset=&#8221;default&#8221; hover_enabled=&#8221;0&#8243; global_colors_info=&#8221;{}&#8221; open=&#8221;off&#8221; sticky_enabled=&#8221;0&#8243;]<\/p>\n<p><span style=\"font-weight: 400;\">S\u00ed, si su obligaci\u00f3n tributaria estatal lo permite. Los cr\u00e9ditos fiscales para escuelas p\u00fablicas se hacen directamente a la escuela p\u00fablica correspondiente.<\/span><\/p>\n<p>[\/et_pb_accordion_item][et_pb_accordion_item title=&#8221;\u00bfExisten otros cr\u00e9ditos fiscales disponibles?&#8221; _builder_version=&#8221;4.27.4&#8243; _module_preset=&#8221;default&#8221; hover_enabled=&#8221;0&#8243; global_colors_info=&#8221;{}&#8221; open=&#8221;off&#8221; sticky_enabled=&#8221;0&#8243;]<\/p>\n<p><span style=\"font-weight: 400;\">S\u00ed. Adem\u00e1s de los cr\u00e9ditos para escuelas privadas y p\u00fablicas, hay cr\u00e9ditos fiscales para cuidado de crianza, fondos de socorro militar y para organizaciones ben\u00e9ficas calificadas. Para m\u00e1s detalles, visite el sitio web del <a href=\"https:\/\/azdor.gov\/tax-credits\">Departamento de Ingresos de Arizona.<\/a><\/span><\/p>\n<p>[\/et_pb_accordion_item][et_pb_accordion_item title=&#8221;Si dono y recomiendo al hijo de un amigo, \u00bfrecibir\u00e1 mi donaci\u00f3n ese ni\u00f1o?&#8221; _builder_version=&#8221;4.27.4&#8243; _module_preset=&#8221;default&#8221; hover_enabled=&#8221;0&#8243; global_colors_info=&#8221;{}&#8221; open=&#8221;off&#8221; sticky_enabled=&#8221;0&#8243;]<\/p>\n<p><span style=\"font-weight: 400;\">Aunque no hay garant\u00eda, IBE procura respetar los deseos del donante siempre que sea posible. Si dona bajo el programa PLUS\/ De Cambio (PLUS\/Switcher), aplican requisitos de elegibilidad. Visite la p\u00e1gina de Preguntas Frecuentes del Solicitante.<\/span><\/p>\n<p>[\/et_pb_accordion_item][et_pb_accordion_item title=&#8221;\u00bfPuedo donar a mi propio hijo(a)?&#8221; _builder_version=&#8221;4.27.4&#8243; _module_preset=&#8221;default&#8221; hover_enabled=&#8221;0&#8243; global_colors_info=&#8221;{}&#8221; open=&#8221;off&#8221; sticky_enabled=&#8221;0&#8243;]<\/p>\n<p><span style=\"font-weight: 400;\">No. Los donantes no pueden recomendar a su propio dependiente como beneficiario, incluso si no lo declaran como dependiente en los impuestos.<\/span><\/p>\n<p>[\/et_pb_accordion_item][et_pb_accordion_item title=&#8221;\u00bfMi empresa puede igualar mi donaci\u00f3n (matching)?&#8221; _builder_version=&#8221;4.27.4&#8243; _module_preset=&#8221;default&#8221; hover_enabled=&#8221;0&#8243; global_colors_info=&#8221;{}&#8221; open=&#8221;off&#8221; sticky_enabled=&#8221;0&#8243;]<\/p>\n<p><span style=\"font-weight: 400;\">S\u00ed. Verifique con su empleador si tienen un programa de donaciones equivalentes.<\/span><\/p>\n<p>[\/et_pb_accordion_item][et_pb_accordion_item title=&#8221;\u00bfPuede mi empresa hacer una donaci\u00f3n?&#8221; _builder_version=&#8221;4.27.4&#8243; _module_preset=&#8221;default&#8221; hover_enabled=&#8221;0&#8243; global_colors_info=&#8221;{}&#8221; open=&#8221;off&#8221; sticky_enabled=&#8221;0&#8243;]<\/p>\n<p><span style=\"font-weight: 400;\">S\u00ed, si la empresa tributa como corporaci\u00f3n C, corporaci\u00f3n S, LLC que tributa como S o es una compa\u00f1\u00eda de seguros que paga impuestos por primas en Arizona. Las empresas no pueden recomendar a un ni\u00f1o espec\u00edfico como beneficiario, pero s\u00ed pueden recomendar una escuela privada de Arizona para que se beneficie de su donaci\u00f3n.<\/span><\/p>\n<p>[\/et_pb_accordion_item][et_pb_accordion_item title=&#8221;\u00bfIBE est\u00e1 auditada?&#8221; _builder_version=&#8221;4.27.4&#8243; _module_preset=&#8221;default&#8221; hover_enabled=&#8221;0&#8243; global_colors_info=&#8221;{}&#8221; open=&#8221;off&#8221; sticky_enabled=&#8221;0&#8243;]<\/p>\n<p><span style=\"font-weight: 400;\">S\u00ed. La ley exige que IBE realice una auditor\u00eda independiente anual y la Junta Directiva ha establecido esa pr\u00e1ctica desde antes de que fuera una obligaci\u00f3n legal. La transparencia es un valor central para IBE.<\/span><\/p>\n<p>[\/et_pb_accordion_item][et_pb_accordion_item title=&#8221;\u00bfPuedo donar y recomendar a un estudiante que actualmente usa el programa Universal ESA?&#8221; _builder_version=&#8221;4.27.4&#8243; _module_preset=&#8221;default&#8221; hover_enabled=&#8221;0&#8243; global_colors_info=&#8221;{}&#8221; open=&#8221;off&#8221; sticky_enabled=&#8221;0&#8243;]<\/p>\n<p><span style=\"font-weight: 400;\">S\u00ed. Las familias pueden solicitar Fondos Recomendados mientras est\u00e1n bajo contrato con ESA para usarlos una vez que ya no est\u00e9n bajo ese contrato.<\/span><\/p>\n<p>[\/et_pb_accordion_item][\/et_pb_accordion][\/et_pb_column][\/et_pb_row][\/et_pb_section]<\/p>\n","protected":false},"excerpt":{"rendered":"<p><div class=\"et_pb_module revslider_divi revslider_divi_0\">\n\t\t\t\t\n\t\t\t\t\n\t\t\t\t\n\t\t\t\t\n\t\t\t\t\n\t\t\t\t\n\t\t\t\t<div class=\"et_pb_module_inner\">\n\t\t\t\t\t\n\t\t\t\t<p class=\"rs-p-wp-fix\"><\/p>\n\t\t\t\t<sr7-module data-alias=\"slider-2-1\" data-id=\"3\" id=\"SR7_3_1\" class=\"rs-ov-hidden\" data-version=\"6.7.34\">\n\t\t\t\t\t<sr7-adjuster><\/sr7-adjuster>\n\t\t\t\t\t<sr7-content>\n\t\t\t\t\t\t<sr7-slide id=\"SR7_3_1-5\" data-key=\"5\">\n\t\t\t\t\t\t\t<sr7-bg id=\"SR7_3_1-5-1\" class=\"sr7-layer\"><noscript><img decoding=\"async\" src=\"https:\/\/ibescholarships.org\/wp-content\/uploads\/sites\/2\/2025\/06\/2025-IBE-2500x1000-IMG3.webp\" alt=\"\" title=\"2025 IBE 2500&#215;1000 IMG3\"><\/noscript><\/sr7-bg>\n\t\t\t\t\t\t\t<sr7-txt id=\"SR7_3_1-5-0\" class=\"sr7-layer\">HERRAMIENTAS <br>PARA DONANTES <br>Y PREGUNTAS <br>FRECUENTES<\/sr7-txt>\n\t\t\t\t\t\t<\/sr7-slide>\n\t\t\t\t\t\t<sr7-slide id=\"SR7_3_1-6\" data-key=\"6\">\n\t\t\t\t\t\t<\/sr7-slide>\n\t\t\t\t\t<\/sr7-content>\n\t\t\t\t\t<image_lists style=\"display:none\">\n\t\t\t\t\t\t<img data-src=\"\/\/ibescholarships.org\/wp-content\/uploads\/sites\/2\/2025\/06\/2025-IBE-2500x1000-IMG3.webp\" data-libid=\"214\" data-lib=\"medialibrary\" title=\"2025 IBE 2500&#215;1000 IMG3\" width=\"0\" height=\"0\" data-dbsrc=\"Ly9pYmVzY2hvbGFyc2hpcHMub3JnL3dwLWNvbnRlbnQvdXBsb2Fkcy9zaXRlcy8yLzIwMjUvMDYvMjAyNS1JQkUtMjUwMHgxMDAwLUlNRzMud2VicA==\"\/>\n\t\t\t\t\t<\/image_lists>\n\t\t\t\t<\/sr7-module>\n\t\t\t\t<script>\n\t\t\t\t\tSR7.PMH ??={}; SR7.PMH[\"SR7_3_1\"] = {cn:100,state:false,fn: function() { if (_tpt!==undefined && _tpt.prepareModuleHeight !== undefined) {  _tpt.prepareModuleHeight({id:\"SR7_3_1\",el:[500,500,768,960,720],type:'standard',shdw:'0',gh:[500,500,413,314,194],gw:[1240,1240,1024,778,480],vpt:['-100px'],size:{fullWidth:true, fullHeight:false},mh:'0',onh:0,onw:0,bg:{color:'{\"orig\":\"transparent\",\"type\":\"solid\",\"string\":\"transparent\"}'}});   SR7.PMH[\"SR7_3_1\"].state=true;} else if(SR7.PMH[\"SR7_3_1\"].cn-->0)\tsetTimeout( SR7.PMH[\"SR7_3_1\"].fn,19);}};SR7.PMH[\"SR7_3_1\" ].fn();\n\t\t\t\t<\/script>\n\n\t\t\t\t<\/div>\n\t\t\t<\/div>Formularios Formularios de donaci\u00f3n Formulario de donaci\u00f3n imprimible Formulario de donaci\u00f3n mensual A trav\u00e9s de retenciones del empleador Formulario A-4C de retenci\u00f3n Aplicaci\u00f3n de retenci\u00f3n de IBE Formularios de impuestos Formulario AZ 301 (para reclamar cualquier cr\u00e9dito fiscal estatal de AZ) Formulario AZ 323 (para reclamar cualquier donaci\u00f3n [&hellip;]<\/p>\n","protected":false},"author":1,"featured_media":0,"parent":19,"menu_order":0,"comment_status":"closed","ping_status":"closed","template":"","meta":{"_et_pb_use_builder":"on","_et_pb_old_content":"","_et_gb_content_width":"","footnotes":""},"class_list":["post-23","page","type-page","status-publish","hentry"],"_links":{"self":[{"href":"https:\/\/ibescholarships.org\/es\/wp-json\/wp\/v2\/pages\/23","targetHints":{"allow":["GET"]}}],"collection":[{"href":"https:\/\/ibescholarships.org\/es\/wp-json\/wp\/v2\/pages"}],"about":[{"href":"https:\/\/ibescholarships.org\/es\/wp-json\/wp\/v2\/types\/page"}],"author":[{"embeddable":true,"href":"https:\/\/ibescholarships.org\/es\/wp-json\/wp\/v2\/users\/1"}],"replies":[{"embeddable":true,"href":"https:\/\/ibescholarships.org\/es\/wp-json\/wp\/v2\/comments?post=23"}],"version-history":[{"count":24,"href":"https:\/\/ibescholarships.org\/es\/wp-json\/wp\/v2\/pages\/23\/revisions"}],"predecessor-version":[{"id":733,"href":"https:\/\/ibescholarships.org\/es\/wp-json\/wp\/v2\/pages\/23\/revisions\/733"}],"up":[{"embeddable":true,"href":"https:\/\/ibescholarships.org\/es\/wp-json\/wp\/v2\/pages\/19"}],"wp:attachment":[{"href":"https:\/\/ibescholarships.org\/es\/wp-json\/wp\/v2\/media?parent=23"}],"curies":[{"name":"wp","href":"https:\/\/api.w.org\/{rel}","templated":true}]}}