{"id":19,"date":"2025-04-01T14:14:57","date_gmt":"2025-04-01T14:14:57","guid":{"rendered":"https:\/\/ibebeta.com\/?page_id=19"},"modified":"2025-11-25T14:29:47","modified_gmt":"2025-11-25T14:29:47","slug":"donors","status":"publish","type":"page","link":"https:\/\/ibescholarships.org\/es\/donors\/","title":{"rendered":"Donantes"},"content":{"rendered":"<p>[et_pb_section fb_built=&#8221;1&#8243; _builder_version=&#8221;4.27.4&#8243; _module_preset=&#8221;default&#8221; custom_margin=&#8221;0px||0px||false|false&#8221; custom_padding=&#8221;0px||0px||false|false&#8221; global_colors_info=&#8221;{}&#8221;][et_pb_row _builder_version=&#8221;4.27.4&#8243; _module_preset=&#8221;default&#8221; custom_margin=&#8221;0px||0px||false|false&#8221; custom_padding=&#8221;0px||0px||false|false&#8221; global_colors_info=&#8221;{}&#8221;][et_pb_column type=&#8221;4_4&#8243; _builder_version=&#8221;4.27.4&#8243; _module_preset=&#8221;default&#8221; global_colors_info=&#8221;{}&#8221;][revslider_divi revslider_divi=&#8221;%91rev_slider alias=%22slider-2%22 slidertitle=%22Slider 2%22%93%91\/rev_slider%93&#8243; _builder_version=&#8221;4.27.4&#8243; _module_preset=&#8221;default&#8221; global_colors_info=&#8221;{}&#8221;][\/revslider_divi][\/et_pb_column][\/et_pb_row][\/et_pb_section][et_pb_section fb_built=&#8221;1&#8243; _builder_version=&#8221;4.27.4&#8243; _module_preset=&#8221;default&#8221; global_colors_info=&#8221;{}&#8221;][et_pb_row _builder_version=&#8221;4.27.4&#8243; _module_preset=&#8221;default&#8221; custom_margin=&#8221;0px||0px||false|false&#8221; custom_padding=&#8221;0px||0px||false|false&#8221; global_colors_info=&#8221;{}&#8221;][et_pb_column type=&#8221;4_4&#8243; _builder_version=&#8221;4.27.4&#8243; _module_preset=&#8221;default&#8221; global_colors_info=&#8221;{}&#8221;][et_pb_text _builder_version=&#8221;4.27.4&#8243; _module_preset=&#8221;default&#8221; hover_enabled=&#8221;0&#8243; global_colors_info=&#8221;{}&#8221; sticky_enabled=&#8221;0&#8243;]<\/p>\n<h1><b>Cr\u00e9dito fiscal de Arizona vs Deducci\u00f3n<\/b><\/h1>\n<p>[\/et_pb_text][\/et_pb_column][\/et_pb_row][et_pb_row column_structure=&#8221;1_2,1_2&#8243; make_equal=&#8221;on&#8221; _builder_version=&#8221;4.27.4&#8243; _module_preset=&#8221;default&#8221; global_colors_info=&#8221;{}&#8221;][et_pb_column type=&#8221;1_2&#8243; _builder_version=&#8221;4.27.4&#8243; _module_preset=&#8221;default&#8221; background_color=&#8221;#183762&#8243; custom_padding=&#8221;10px|10px|10px|10px|false|false&#8221; border_radii=&#8221;on|15px|15px|15px|15px&#8221; box_shadow_style=&#8221;preset1&#8243; global_colors_info=&#8221;{}&#8221;][et_pb_text _builder_version=&#8221;4.27.4&#8243; _module_preset=&#8221;default&#8221; text_text_color=&#8221;#FFFFFF&#8221; header_text_color=&#8221;#FFFFFF&#8221; header_3_text_color=&#8221;#FFFFFF&#8221; hover_enabled=&#8221;0&#8243; global_colors_info=&#8221;{}&#8221; sticky_enabled=&#8221;0&#8243;]<\/p>\n<h3 style=\"text-align: center;\"><b>CR\u00c9DITO TRIBUTARIO<\/b><\/h3>\n<p><span style=\"font-weight: 400;\">Los cr\u00e9ditos fiscales reducen directamente la cantidad de impuestos que debe pagar, otorg\u00e1ndole una reducci\u00f3n d\u00f3lar por d\u00f3lar de su obligaci\u00f3n tributaria. Por ejemplo, un cr\u00e9dito fiscal de $2,000 reduce su obligaci\u00f3n fiscal en esos $2,000 correspondientes.<\/span><\/p>\n<p>[\/et_pb_text][\/et_pb_column][et_pb_column type=&#8221;1_2&#8243; _builder_version=&#8221;4.27.4&#8243; _module_preset=&#8221;default&#8221; background_color=&#8221;#183762&#8243; custom_padding=&#8221;10px|10px|10px|10px|false|false&#8221; border_radii=&#8221;on|15px|15px|15px|15px&#8221; box_shadow_style=&#8221;preset1&#8243; global_colors_info=&#8221;{}&#8221;][et_pb_text _builder_version=&#8221;4.27.4&#8243; _module_preset=&#8221;default&#8221; text_text_color=&#8221;#FFFFFF&#8221; header_3_text_color=&#8221;#FFFFFF&#8221; hover_enabled=&#8221;0&#8243; global_colors_info=&#8221;{}&#8221; sticky_enabled=&#8221;0&#8243;]<\/p>\n<h3 style=\"text-align: center;\"><b>DEDUCCI\u00d3N DE IMPUESTOS<\/b><\/h3>\n<p style=\"text-align: justify;\"><span style=\"font-weight: 400;\">Las deducciones, en cambio, disminuyen la parte de tus ingresos que est\u00e1 sujeta a impuestos. Las deducciones reducen su ingreso gravable seg\u00fan el porcentaje de su tramo impositivo federal m\u00e1s alto. As\u00ed, si est\u00e1 en el tramo del 22 %, una deducci\u00f3n de $2,000 le ahorrar\u00e1 $440.<\/span><\/p>\n<p>[\/et_pb_text][\/et_pb_column][\/et_pb_row][et_pb_row module_class=&#8221;body-links&#8221; _builder_version=&#8221;4.27.4&#8243; _module_preset=&#8221;default&#8221; global_colors_info=&#8221;{}&#8221;][et_pb_column type=&#8221;4_4&#8243; _builder_version=&#8221;4.27.4&#8243; _module_preset=&#8221;default&#8221; global_colors_info=&#8221;{}&#8221;][et_pb_text _builder_version=&#8221;4.27.4&#8243; _module_preset=&#8221;default&#8221; hover_enabled=&#8221;0&#8243; global_colors_info=&#8221;{}&#8221; sticky_enabled=&#8221;0&#8243;]<\/p>\n<h3><b>\u00bfCu\u00e1nto puede donar?<\/b><\/h3>\n<p><span style=\"font-weight: 400;\">Cada a\u00f1o, el Estado de Arizona fija la cantidad m\u00e1xima que los individuos pueden donar para el Cr\u00e9dito Fiscal de Escuelas Privadas. Si no est\u00e1s seguro de cu\u00e1l es su responsabilidad tributaria total en Arizona, disponemos de un <\/span><a href=\"https:\/\/ibescholarships.org\/sp\/learn\/video-resources\/\"><b>video \u201cTax Credit 101\u201d<\/b><\/a><span style=\"font-weight: 400;\"> que le ayuda a identificarlo en sus impuestos y una <\/span><a href=\"https:\/\/ibescholarships.org\/wp-content\/uploads\/sites\/2\/2025\/08\/2024-IBE-Turbo-Tax-Guide.pdf\"><b>Gu\u00eda de TurboTax<\/b><\/a><span style=\"font-weight: 400;\"> \u00fatil.<\/span><span style=\"font-weight: 400;\"><br \/><\/span><span style=\"font-weight: 400;\"> Siempre es recomendable consultar con un profesional de impuestos.<\/span><\/p>\n<p>[\/et_pb_text][\/et_pb_column][\/et_pb_row][et_pb_row _builder_version=&#8221;4.27.4&#8243; _module_preset=&#8221;default&#8221; global_colors_info=&#8221;{}&#8221;][et_pb_column type=&#8221;4_4&#8243; _builder_version=&#8221;4.27.4&#8243; _module_preset=&#8221;default&#8221; global_colors_info=&#8221;{}&#8221;][dvmd_table_maker tbl_column_footer_count=&#8221;2&#8243; tbl_row_header_count=&#8221;0&#8243; tbl_chead_cell_color=&#8221;gcid-93c7ed1f-e394-48ac-a74a-8ea2c265e0aa&#8221; tbl_cfoot_cell_color=&#8221;rgba(24,55,98,0.12)&#8221; tbl_chead_text_level_active=&#8221;on&#8221; tbl_chead_text_level=&#8221;h5&#8243; _builder_version=&#8221;4.27.4&#8243; _module_preset=&#8221;default&#8221; tbl_chead_text_font=&#8221;|&#8211;et_global_heading_font_weight|||||||&#8221; tbl_cfoot_text_font=&#8221;|800|||||||&#8221; animation_style=&#8221;fade&#8221; hover_enabled=&#8221;0&#8243; border_radii=&#8221;on|15px|15px|15px|15px&#8221; box_shadow_style=&#8221;preset1&#8243; global_module=&#8221;500&#8243; global_colors_info=&#8221;{%22gcid-93c7ed1f-e394-48ac-a74a-8ea2c265e0aa%22:%91%22tbl_chead_cell_color%22%93}&#8221; sticky_enabled=&#8221;0&#8243;][dvmd_table_maker_item col_label=&#8221;Original Individual&#8221; col_content=&#8221;2025 Declarantes Solteros <br \/>\nOriginal Individual Cr\u00e9dito Fiscal: $769<br \/>\nPLUS\/De Cambio Cr\u00e9dito Fiscal: $766<br \/>\nTotal: $1,535<br \/>\n <cell colspan=%222%22>Done hasta estas cantidades o hasta su obligaci\u00f3n tributaria en Arizona, lo que sea menor.<\/cell>&#8221; col_tcell_cell_align_horz=&#8221;center&#8221; col_tcell_cell_align_vert=&#8221;center&#8221; _builder_version=&#8221;4.27.4&#8243; _module_preset=&#8221;default&#8221; hover_enabled=&#8221;0&#8243; global_colors_info=&#8221;{}&#8221; sticky_enabled=&#8221;0&#8243;][\/dvmd_table_maker_item][dvmd_table_maker_item col_label=&#8221;PLUS\/Switcher&#8221; col_content=&#8221;2025 Declarantes Casados<br \/>\nOriginal Individual Cr\u00e9dito Fiscal: $1,535<br \/>\nPLUS\/De Cambio Cr\u00e9dito Fiscal: $1,527<br \/>\nTotal: $3,062<br \/>\n <cell colspan=%222%22>Done hasta estas cantidades o hasta su obligaci\u00f3n tributaria en Arizona, lo que sea menor.<\/cell>&#8221; col_tcell_cell_align_horz=&#8221;center&#8221; col_tcell_cell_align_vert=&#8221;center&#8221; _builder_version=&#8221;4.27.4&#8243; _module_preset=&#8221;default&#8221; global_colors_info=&#8221;{}&#8221;][\/dvmd_table_maker_item][\/dvmd_table_maker][\/et_pb_column][\/et_pb_row][et_pb_row _builder_version=&#8221;4.27.4&#8243; _module_preset=&#8221;default&#8221; global_colors_info=&#8221;{}&#8221;][et_pb_column type=&#8221;4_4&#8243; _builder_version=&#8221;4.27.4&#8243; _module_preset=&#8221;default&#8221; global_colors_info=&#8221;{}&#8221;][et_pb_text _builder_version=&#8221;4.27.4&#8243; _module_preset=&#8221;default&#8221; hover_enabled=&#8221;0&#8243; global_colors_info=&#8221;{}&#8221; sticky_enabled=&#8221;0&#8243;]<\/p>\n<h3><b>Recomendar Estudiante \u2013 Escuela \u2013 Fondo General de IBE<\/b><\/h3>\n<p>[\/et_pb_text][\/et_pb_column][\/et_pb_row][et_pb_row column_structure=&#8221;1_3,1_3,1_3&#8243; make_equal=&#8221;on&#8221; _builder_version=&#8221;4.27.4&#8243; _module_preset=&#8221;default&#8221; global_colors_info=&#8221;{}&#8221;][et_pb_column type=&#8221;1_3&#8243; _builder_version=&#8221;4.27.4&#8243; _module_preset=&#8221;default&#8221; background_color=&#8221;#183762&#8243; custom_padding=&#8221;10px|10px|10px|10px|false|false&#8221; border_radii=&#8221;on|15px|15px|15px|15px&#8221; box_shadow_style=&#8221;preset1&#8243; global_colors_info=&#8221;{}&#8221;][et_pb_text _builder_version=&#8221;4.27.4&#8243; _module_preset=&#8221;default&#8221; text_text_color=&#8221;#FFFFFF&#8221; header_2_text_color=&#8221;#FFFFFF&#8221; header_3_text_color=&#8221;#FFFFFF&#8221; hover_enabled=&#8221;0&#8243; global_colors_info=&#8221;{}&#8221; sticky_enabled=&#8221;0&#8243;]<\/p>\n<h3 style=\"text-align: center;\"><b>ESTUDIANTE<\/b><\/h3>\n<p style=\"text-align: center;\"><span style=\"font-weight: 400;\">Recomiende un estudiante de Arizona que asista a una escuela privada y que no sea su dependiente.<\/span><\/p>\n<p>[\/et_pb_text][\/et_pb_column][et_pb_column type=&#8221;1_3&#8243; _builder_version=&#8221;4.27.4&#8243; _module_preset=&#8221;default&#8221; background_color=&#8221;#183762&#8243; custom_padding=&#8221;10px|10px|10px|10px|false|false&#8221; border_radii=&#8221;on|15px|15px|15px|15px&#8221; box_shadow_style=&#8221;preset1&#8243; global_colors_info=&#8221;{}&#8221;][et_pb_text _builder_version=&#8221;4.27.4&#8243; _module_preset=&#8221;default&#8221; text_text_color=&#8221;#FFFFFF&#8221; header_3_text_color=&#8221;#FFFFFF&#8221; hover_enabled=&#8221;0&#8243; global_colors_info=&#8221;{}&#8221; sticky_enabled=&#8221;0&#8243;]<\/p>\n<h3 style=\"text-align: center;\"><b>ESCUELA<\/b><\/h3>\n<p style=\"text-align: center;\"><span style=\"font-weight: 400;\">Done a una escuela, como una de su vecindario o su alma m\u00e1ter.<\/span><\/p>\n<p>[\/et_pb_text][\/et_pb_column][et_pb_column type=&#8221;1_3&#8243; _builder_version=&#8221;4.27.4&#8243; _module_preset=&#8221;default&#8221; background_color=&#8221;#183762&#8243; custom_padding=&#8221;10px|10px|10px|10px|false|false&#8221; border_radii=&#8221;on|15px|15px|15px|15px&#8221; box_shadow_style=&#8221;preset1&#8243; global_colors_info=&#8221;{}&#8221;][et_pb_text _builder_version=&#8221;4.27.4&#8243; _module_preset=&#8221;default&#8221; text_text_color=&#8221;#FFFFFF&#8221; header_3_text_color=&#8221;#FFFFFF&#8221; hover_enabled=&#8221;0&#8243; global_colors_info=&#8221;{}&#8221; sticky_enabled=&#8221;0&#8243;]<\/p>\n<h3 style=\"text-align: center;\"><b>FONDO M\u00c1S NECESITADO<\/b><\/h3>\n<p style=\"text-align: center;\"><span style=\"font-weight: 400;\">Nuestros fondos generales ayudan a algunos de los estudiantes m\u00e1s necesitados de Arizona.<\/span><\/p>\n<p>[\/et_pb_text][\/et_pb_column][\/et_pb_row][et_pb_row _builder_version=&#8221;4.27.4&#8243; _module_preset=&#8221;default&#8221; global_colors_info=&#8221;{}&#8221;][et_pb_column type=&#8221;4_4&#8243; _builder_version=&#8221;4.27.4&#8243; _module_preset=&#8221;default&#8221; global_colors_info=&#8221;{}&#8221;][et_pb_text _builder_version=&#8221;4.27.4&#8243; _module_preset=&#8221;default&#8221; hover_enabled=&#8221;0&#8243; global_colors_info=&#8221;{}&#8221; sticky_enabled=&#8221;0&#8243;]<\/p>\n<h3><b>Haga su Donaci\u00f3n<\/b><\/h3>\n<p><span style=\"font-weight: 400;\">IBE acepta m\u00faltiples m\u00e9todos de donaci\u00f3n para adaptarse a sus necesidades:<\/span><\/p>\n<p>[\/et_pb_text][\/et_pb_column][\/et_pb_row][et_pb_row column_structure=&#8221;1_4,1_4,1_4,1_4&#8243; use_custom_gutter=&#8221;on&#8221; gutter_width=&#8221;2&#8243; make_equal=&#8221;on&#8221; module_class=&#8221;body-links-white&#8221; _builder_version=&#8221;4.27.4&#8243; _module_preset=&#8221;default&#8221; custom_margin=&#8221;0px||0px||false|false&#8221; custom_padding=&#8221;0px||0px||false|false&#8221; global_colors_info=&#8221;{}&#8221;][et_pb_column type=&#8221;1_4&#8243; _builder_version=&#8221;4.27.4&#8243; _module_preset=&#8221;default&#8221; background_color=&#8221;#183762&#8243; custom_padding=&#8221;10px|10px|10px|10px|false|false&#8221; border_radii=&#8221;on|15px|15px|15px|15px&#8221; box_shadow_style=&#8221;preset1&#8243; global_colors_info=&#8221;{}&#8221;][et_pb_text _builder_version=&#8221;4.27.4&#8243; _module_preset=&#8221;default&#8221; text_text_color=&#8221;#FFFFFF&#8221; header_2_text_color=&#8221;#FFFFFF&#8221; header_3_text_color=&#8221;#FFFFFF&#8221; hover_enabled=&#8221;0&#8243; global_colors_info=&#8221;{}&#8221; sticky_enabled=&#8221;0&#8243;]<\/p>\n<h3 style=\"text-align: center;\"><b>En l\u00ednea<\/b><\/h3>\n<p style=\"text-align: center;\"><span style=\"font-weight: 400;\">Haga su <a href=\"https:\/\/app.ibescholarships.org\/Account\/Donate\">donaci\u00f3n<\/a> r\u00e1pidamente v\u00eda tarjeta de cr\u00e9dito.<\/span><\/p>\n<p>[\/et_pb_text][\/et_pb_column][et_pb_column type=&#8221;1_4&#8243; _builder_version=&#8221;4.27.4&#8243; _module_preset=&#8221;default&#8221; background_color=&#8221;#183762&#8243; custom_padding=&#8221;10px|10px|10px|10px|false|false&#8221; border_radii=&#8221;on|15px|15px|15px|15px&#8221; box_shadow_style=&#8221;preset1&#8243; global_colors_info=&#8221;{}&#8221;][et_pb_text _builder_version=&#8221;4.27.4&#8243; _module_preset=&#8221;default&#8221; text_text_color=&#8221;#FFFFFF&#8221; header_3_text_color=&#8221;#FFFFFF&#8221; hover_enabled=&#8221;0&#8243; global_colors_info=&#8221;{}&#8221; sticky_enabled=&#8221;0&#8243;]<\/p>\n<h3 style=\"text-align: center;\"><b>Por correo<\/b><\/h3>\n<p style=\"text-align: center;\"><span><span style=\"font-weight: 400;\"><a href=\"https:\/\/ibescholarships.org\/wp-content\/uploads\/sites\/2\/2025\/08\/2025-26-Fillable-Donation-Form-1.pdf\">Descargue<\/a> nuestro formulario de donaci\u00f3n y env\u00ede un cheque por correo.<\/span><\/span><\/p>\n<p>[\/et_pb_text][\/et_pb_column][et_pb_column type=&#8221;1_4&#8243; _builder_version=&#8221;4.27.4&#8243; _module_preset=&#8221;default&#8221; background_color=&#8221;#183762&#8243; custom_padding=&#8221;10px|10px|10px|10px|false|false&#8221; border_radii=&#8221;on|15px|15px|15px|15px&#8221; box_shadow_style=&#8221;preset1&#8243; global_colors_info=&#8221;{}&#8221;][et_pb_text _builder_version=&#8221;4.27.4&#8243; _module_preset=&#8221;default&#8221; text_text_color=&#8221;#FFFFFF&#8221; header_3_text_color=&#8221;#FFFFFF&#8221; hover_enabled=&#8221;0&#8243; global_colors_info=&#8221;{}&#8221; sticky_enabled=&#8221;0&#8243;]<\/p>\n<h3 style=\"text-align: center;\"><b>En persona<\/b><\/h3>\n<p style=\"text-align: center;\"><span style=\"font-weight: 400;\">Puede pasar por nuestra oficina; \u00a1nos encantar\u00eda conocerte!<\/span><\/p>\n<p>[\/et_pb_text][\/et_pb_column][et_pb_column type=&#8221;1_4&#8243; _builder_version=&#8221;4.27.4&#8243; _module_preset=&#8221;default&#8221; background_color=&#8221;#183762&#8243; custom_padding=&#8221;10px|10px|10px|10px|false|false&#8221; border_radii=&#8221;on|15px|15px|15px|15px&#8221; box_shadow_style=&#8221;preset1&#8243; global_colors_info=&#8221;{}&#8221;][et_pb_text _builder_version=&#8221;4.27.4&#8243; _module_preset=&#8221;default&#8221; text_text_color=&#8221;#FFFFFF&#8221; header_3_text_color=&#8221;#FFFFFF&#8221; hover_enabled=&#8221;0&#8243; global_colors_info=&#8221;{}&#8221; sticky_enabled=&#8221;0&#8243;]<\/p>\n<h3 style=\"text-align: center;\"><b>Por tel\u00e9fono<\/b><\/h3>\n<p style=\"text-align: center;\"><span style=\"font-weight: 400;\">Ll\u00e1menos al 520-512-5438<\/span><\/p>\n<p>[\/et_pb_text][\/et_pb_column][\/et_pb_row][et_pb_row _builder_version=&#8221;4.27.4&#8243; _module_preset=&#8221;default&#8221; global_colors_info=&#8221;{}&#8221;][et_pb_column type=&#8221;4_4&#8243; _builder_version=&#8221;4.27.4&#8243; _module_preset=&#8221;default&#8221; global_colors_info=&#8221;{}&#8221;][et_pb_text module_class=&#8221;body-links&#8221; _builder_version=&#8221;4.27.4&#8243; _module_preset=&#8221;default&#8221; hover_enabled=&#8221;0&#8243; global_colors_info=&#8221;{}&#8221; sticky_enabled=&#8221;0&#8243;]<\/p>\n<h3><b>Reclame el cr\u00e9dito<\/b><\/h3>\n<p><span style=\"font-weight: 400;\">Presente su cr\u00e9dito en sus impuestos estatales de Arizona. Si necesitas ayuda, consulte a su contador p\u00fablico certificado (CPA) o comun\u00edquese con IBE. Su contador le pedir\u00e1 una copia de su recibo de IBE. Nuestra <\/span><a href=\"https:\/\/ibescholarships.org\/wp-content\/uploads\/sites\/2\/2025\/08\/2024-IBE-Turbo-Tax-Guide.pdf\"><b>Gu\u00eda de TurboTax<\/b><\/a><span style=\"font-weight: 400;\"> lo guiar\u00e1 paso a paso para reclamar el cr\u00e9dito en TurboTax. En IBE estamos bien informados sobre cr\u00e9ditos fiscales, pero <\/span><b>no somos contadores p\u00fablicos ni asesores financieros<\/b><span style=\"font-weight: 400;\">.<\/span><\/p>\n<p>[\/et_pb_text][\/et_pb_column][\/et_pb_row][et_pb_row _builder_version=&#8221;4.27.4&#8243; _module_preset=&#8221;default&#8221; global_colors_info=&#8221;{}&#8221;][et_pb_column type=&#8221;4_4&#8243; _builder_version=&#8221;4.27.4&#8243; _module_preset=&#8221;default&#8221; global_colors_info=&#8221;{}&#8221;][et_pb_button button_url=&#8221;https:\/\/app.ibescholarships.org\/Account\/Donate&#8221; button_text=&#8221;DONAR AHORA&#8221; button_alignment=&#8221;center&#8221; _builder_version=&#8221;4.27.4&#8243; _module_preset=&#8221;default&#8221; hover_enabled=&#8221;0&#8243; global_colors_info=&#8221;{}&#8221; sticky_enabled=&#8221;0&#8243;][\/et_pb_button][\/et_pb_column][\/et_pb_row][\/et_pb_section]<\/p>\n","protected":false},"excerpt":{"rendered":"<p><div class=\"et_pb_module revslider_divi revslider_divi_0\">\n\t\t\t\t\n\t\t\t\t\n\t\t\t\t\n\t\t\t\t\n\t\t\t\t\n\t\t\t\t\n\t\t\t\t<div class=\"et_pb_module_inner\">\n\t\t\t\t\t\n\t\t\t\t<p class=\"rs-p-wp-fix\"><\/p>\n\t\t\t\t<sr7-module data-alias=\"slider-2\" data-id=\"2\" id=\"SR7_2_1\" class=\"rs-ov-hidden\" data-version=\"6.7.34\">\n\t\t\t\t\t<sr7-adjuster><\/sr7-adjuster>\n\t\t\t\t\t<sr7-content>\n\t\t\t\t\t\t<sr7-slide id=\"SR7_2_1-3\" data-key=\"3\">\n\t\t\t\t\t\t\t<sr7-bg id=\"SR7_2_1-3-1\" class=\"sr7-layer\"><noscript><img decoding=\"async\" src=\"https:\/\/ibescholarships.org\/wp-content\/uploads\/sites\/2\/2025\/05\/bg-yellow-gril-smartphone-scaled.webp\" alt=\"\" title=\"bg-yellow-gril-smartphone\"><\/noscript><\/sr7-bg>\n\t\t\t\t\t\t\t<sr7-txt id=\"SR7_2_1-3-0\" class=\"sr7-layer\">DONANTES C\u00d3MO <br>FUNCIONA<\/sr7-txt>\n\t\t\t\t\t\t<\/sr7-slide>\n\t\t\t\t\t\t<sr7-slide id=\"SR7_2_1-4\" data-key=\"4\">\n\t\t\t\t\t\t<\/sr7-slide>\n\t\t\t\t\t<\/sr7-content>\n\t\t\t\t\t<image_lists style=\"display:none\">\n\t\t\t\t\t\t<img data-src=\"\/\/ibescholarships.org\/wp-content\/uploads\/sites\/2\/2025\/05\/bg-yellow-gril-smartphone-scaled.webp\" data-libid=\"139\" data-lib=\"medialibrary\" title=\"bg-yellow-gril-smartphone\" width=\"0\" height=\"0\" data-dbsrc=\"Ly9pYmVzY2hvbGFyc2hpcHMub3JnL3dwLWNvbnRlbnQvdXBsb2Fkcy9zaXRlcy8yLzIwMjUvMDUvYmcteWVsbG93LWdyaWwtc21hcnRwaG9uZS1zY2FsZWQud2VicA==\"\/>\n\t\t\t\t\t<\/image_lists>\n\t\t\t\t<\/sr7-module>\n\t\t\t\t<script>\n\t\t\t\t\tSR7.PMH ??={}; SR7.PMH[\"SR7_2_1\"] = {cn:100,state:false,fn: function() { if (_tpt!==undefined && _tpt.prepareModuleHeight !== undefined) {  _tpt.prepareModuleHeight({id:\"SR7_2_1\",el:[500,500,768,960,720],type:'standard',shdw:'0',gh:[500,500,413,314,194],gw:[1240,1240,1024,778,480],vpt:['-100px'],size:{fullWidth:true, fullHeight:false},mh:'0',onh:0,onw:0,bg:{color:'{\"orig\":\"transparent\",\"type\":\"solid\",\"string\":\"transparent\"}'}});   SR7.PMH[\"SR7_2_1\"].state=true;} else if(SR7.PMH[\"SR7_2_1\"].cn-->0)\tsetTimeout( SR7.PMH[\"SR7_2_1\"].fn,19);}};SR7.PMH[\"SR7_2_1\" ].fn();\n\t\t\t\t<\/script>\n\n\t\t\t\t<\/div>\n\t\t\t<\/div>Cr\u00e9dito fiscal de Arizona vs Deducci\u00f3nCR\u00c9DITO TRIBUTARIO Los cr\u00e9ditos fiscales reducen directamente la cantidad de impuestos que debe pagar, otorg\u00e1ndole una reducci\u00f3n d\u00f3lar por d\u00f3lar de su obligaci\u00f3n tributaria. Por ejemplo, un cr\u00e9dito fiscal de $2,000 reduce su obligaci\u00f3n fiscal en esos $2,000 correspondientes.DEDUCCI\u00d3N DE IMPUESTOS Las deducciones, [&hellip;]<\/p>\n","protected":false},"author":1,"featured_media":0,"parent":0,"menu_order":0,"comment_status":"closed","ping_status":"closed","template":"","meta":{"_et_pb_use_builder":"on","_et_pb_old_content":"","_et_gb_content_width":"","footnotes":""},"class_list":["post-19","page","type-page","status-publish","hentry"],"_links":{"self":[{"href":"https:\/\/ibescholarships.org\/es\/wp-json\/wp\/v2\/pages\/19","targetHints":{"allow":["GET"]}}],"collection":[{"href":"https:\/\/ibescholarships.org\/es\/wp-json\/wp\/v2\/pages"}],"about":[{"href":"https:\/\/ibescholarships.org\/es\/wp-json\/wp\/v2\/types\/page"}],"author":[{"embeddable":true,"href":"https:\/\/ibescholarships.org\/es\/wp-json\/wp\/v2\/users\/1"}],"replies":[{"embeddable":true,"href":"https:\/\/ibescholarships.org\/es\/wp-json\/wp\/v2\/comments?post=19"}],"version-history":[{"count":37,"href":"https:\/\/ibescholarships.org\/es\/wp-json\/wp\/v2\/pages\/19\/revisions"}],"predecessor-version":[{"id":731,"href":"https:\/\/ibescholarships.org\/es\/wp-json\/wp\/v2\/pages\/19\/revisions\/731"}],"wp:attachment":[{"href":"https:\/\/ibescholarships.org\/es\/wp-json\/wp\/v2\/media?parent=19"}],"curies":[{"name":"wp","href":"https:\/\/api.w.org\/{rel}","templated":true}]}}